{"id":27,"date":"2019-09-01T08:21:25","date_gmt":"2019-09-01T08:21:25","guid":{"rendered":"https:\/\/revier67.ch\/solothurn\/?page_id=27"},"modified":"2020-09-19T10:09:02","modified_gmt":"2020-09-19T10:09:02","slug":"unser-revier","status":"publish","type":"page","link":"https:\/\/www.revier67.ch\/solothurn\/unser-revier\/","title":{"rendered":"Unser Revier"},"content":{"rendered":"\t\t<div data-elementor-type=\"wp-post\" data-elementor-id=\"27\" class=\"elementor elementor-27\" data-elementor-post-type=\"page\">\n\t\t\t\t\t\t<section class=\"elementor-section elementor-top-section elementor-element elementor-element-3d8a869 elementor-section-boxed elementor-section-height-default elementor-section-height-default\" data-id=\"3d8a869\" data-element_type=\"section\" data-e-type=\"section\">\n\t\t\t\t\t\t<div class=\"elementor-container elementor-column-gap-default\">\n\t\t\t\t\t<div class=\"elementor-column elementor-col-100 elementor-top-column elementor-element elementor-element-cf494bd\" data-id=\"cf494bd\" data-element_type=\"column\" data-e-type=\"column\">\n\t\t\t<div class=\"elementor-widget-wrap elementor-element-populated\">\n\t\t\t\t\t\t<section class=\"elementor-section elementor-inner-section elementor-element elementor-element-e2cd5b5 elementor-section-boxed elementor-section-height-default elementor-section-height-default\" data-id=\"e2cd5b5\" data-element_type=\"section\" data-e-type=\"section\">\n\t\t\t\t\t\t<div class=\"elementor-container elementor-column-gap-default\">\n\t\t\t\t\t<div class=\"elementor-column elementor-col-50 elementor-inner-column elementor-element elementor-element-9a5be24\" data-id=\"9a5be24\" data-element_type=\"column\" data-e-type=\"column\">\n\t\t\t<div class=\"elementor-widget-wrap elementor-element-populated\">\n\t\t\t\t\t\t<div class=\"elementor-element elementor-element-c955f08 elementor-widget elementor-widget-image\" data-id=\"c955f08\" data-element_type=\"widget\" data-e-type=\"widget\" data-widget_type=\"image.default\">\n\t\t\t\t<div class=\"elementor-widget-container\">\n\t\t\t\t\t\t\t\t\t\t\t\t\t\t\t<img fetchpriority=\"high\" decoding=\"async\" width=\"258\" height=\"258\" src=\"https:\/\/i0.wp.com\/www.revier67.ch\/solothurn\/wp-content\/uploads\/2019\/09\/Kapitelbild-Jagd-Rehbock.jpg?fit=258%2C258&amp;ssl=1\" class=\"attachment-large size-large wp-image-80\" alt=\"\" srcset=\"https:\/\/i0.wp.com\/www.revier67.ch\/solothurn\/wp-content\/uploads\/2019\/09\/Kapitelbild-Jagd-Rehbock.jpg?w=258&amp;ssl=1 258w, https:\/\/i0.wp.com\/www.revier67.ch\/solothurn\/wp-content\/uploads\/2019\/09\/Kapitelbild-Jagd-Rehbock.jpg?resize=150%2C150&amp;ssl=1 150w\" sizes=\"(max-width: 258px) 100vw, 258px\" \/>\t\t\t\t\t\t\t\t\t\t\t\t\t\t\t<\/div>\n\t\t\t\t<\/div>\n\t\t\t\t\t<\/div>\n\t\t<\/div>\n\t\t\t\t<div class=\"elementor-column elementor-col-50 elementor-inner-column elementor-element elementor-element-8e6a64f\" data-id=\"8e6a64f\" data-element_type=\"column\" data-e-type=\"column\">\n\t\t\t<div class=\"elementor-widget-wrap elementor-element-populated\">\n\t\t\t\t\t\t<div class=\"elementor-element elementor-element-dfcbdcb elementor-widget elementor-widget-text-editor\" data-id=\"dfcbdcb\" data-element_type=\"widget\" data-e-type=\"widget\" data-widget_type=\"text-editor.default\">\n\t\t\t\t<div class=\"elementor-widget-container\">\n\t\t\t\t\t\t\t\t\t<h2>Revier B\u00e4rschwil, Kanton Solothurn<\/h2>\n<p>Die Jagdgesellschaft B\u00e4rschwil-Grindel bewirtschaftet das Revier Nr. 67 im Kanton Solothurn, auf dem Gemeindegebiet der Gemeinden B\u00e4rschwil und Grindel, im Schwarzbuebeland, Bezirk Dorneck-Thierstein.<\/p>\n<p>Geografisch befindet sich das Revier im Solothurner Jura, ca. 5 km s\u00fcdwestlich der Stadt Laufen. Das Revier wird im S\u00fcden begrenzt durch die Fringelikette, welche sich im Revier bis auf eine H\u00f6he von 947m \u00fc.M. erhebt und im Norden durch den Fluss Birs,\u00a0 welcher entlang der Reviergrenze von Delemont (JU) her kommend weiter nach Laufen (BL) fliesst. An den Ufern der Birs f\u00e4llt das Reviergebiet bis auf eine H\u00f6he von 365m \u00fc.M. ab.<\/p>\n<p>Innerhalb der Reviergrenzen bestimmt der Faltenjura das Landschaftsbild und gibt im Jahresrhtymus den Takt f\u00fcr Mensch und Tier vor. Das Revier liegt Abseits grosser Durchgangsstrassen, ist jedoch \u00fcber die vorbeif\u00fchrende Hauptverbindungsstrasse Delemont-Laufen leicht erreichbar. Die Gesamtfl\u00e4che des Jagdreviers betr\u00e4gt 1426 ha. Der Waldanteil an der Gesamtfl\u00e4che betr\u00e4gt\u00a0 49%, 47% sind Feld- und Weideland und 4% Siedlungsgebiet.\u00a0<\/p>\t\t\t\t\t\t\t\t<\/div>\n\t\t\t\t<\/div>\n\t\t\t\t\t<\/div>\n\t\t<\/div>\n\t\t\t\t\t<\/div>\n\t\t<\/section>\n\t\t\t\t\t<\/div>\n\t\t<\/div>\n\t\t\t\t\t<\/div>\n\t\t<\/section>\n\t\t\t\t<\/div>\n\t\t","protected":false},"excerpt":{"rendered":"<p>Revier B\u00e4rschwil, Kanton Solothurn Die Jagdgesellschaft B\u00e4rschwil-Grindel bewirtschaftet das Revier Nr. 67 im Kanton Solothurn, auf dem Gemeindegebiet der Gemeinden B\u00e4rschwil und Grindel, im Schwarzbuebeland, Bezirk Dorneck-Thierstein. Geografisch befindet sich das Revier im Solothurner Jura, ca. 5 km s\u00fcdwestlich der Stadt Laufen. Das Revier wird im S\u00fcden begrenzt durch die Fringelikette, welche sich im Revier [&hellip;]<\/p>\n","protected":false},"author":1,"featured_media":0,"parent":0,"menu_order":15,"comment_status":"closed","ping_status":"closed","template":"","meta":{"ocean_post_layout":"full-screen","ocean_both_sidebars_style":"","ocean_both_sidebars_content_width":0,"ocean_both_sidebars_sidebars_width":0,"ocean_sidebar":"0","ocean_second_sidebar":"0","ocean_disable_margins":"enable","ocean_add_body_class":"","ocean_shortcode_before_top_bar":"","ocean_shortcode_after_top_bar":"","ocean_shortcode_before_header":"","ocean_shortcode_after_header":"","ocean_has_shortcode":"","ocean_shortcode_after_title":"","ocean_shortcode_before_footer_widgets":"","ocean_shortcode_after_footer_widgets":"","ocean_shortcode_before_footer_bottom":"","ocean_shortcode_after_footer_bottom":"","ocean_display_top_bar":"default","ocean_display_header":"default","ocean_header_style":"","ocean_center_header_left_menu":"0","ocean_custom_header_template":"0","ocean_custom_logo":0,"ocean_custom_retina_logo":0,"ocean_custom_logo_max_width":0,"ocean_custom_logo_tablet_max_width":0,"ocean_custom_logo_mobile_max_width":0,"ocean_custom_logo_max_height":0,"ocean_custom_logo_tablet_max_height":0,"ocean_custom_logo_mobile_max_height":0,"ocean_header_custom_menu":"0","ocean_menu_typo_font_family":"0","ocean_menu_typo_font_subset":"","ocean_menu_typo_font_size":0,"ocean_menu_typo_font_size_tablet":0,"ocean_menu_typo_font_size_mobile":0,"ocean_menu_typo_font_size_unit":"px","ocean_menu_typo_font_weight":"","ocean_menu_typo_font_weight_tablet":"","ocean_menu_typo_font_weight_mobile":"","ocean_menu_typo_transform":"","ocean_menu_typo_transform_tablet":"","ocean_menu_typo_transform_mobile":"","ocean_menu_typo_line_height":0,"ocean_menu_typo_line_height_tablet":0,"ocean_menu_typo_line_height_mobile":0,"ocean_menu_typo_line_height_unit":"","ocean_menu_typo_spacing":0,"ocean_menu_typo_spacing_tablet":0,"ocean_menu_typo_spacing_mobile":0,"ocean_menu_typo_spacing_unit":"","ocean_menu_link_color":"","ocean_menu_link_color_hover":"","ocean_menu_link_color_active":"","ocean_menu_link_background":"","ocean_menu_link_hover_background":"","ocean_menu_link_active_background":"","ocean_menu_social_links_bg":"","ocean_menu_social_hover_links_bg":"","ocean_menu_social_links_color":"","ocean_menu_social_hover_links_color":"","ocean_disable_title":"default","ocean_disable_heading":"default","ocean_post_title":"","ocean_post_subheading":"","ocean_post_title_style":"","ocean_post_title_background_color":"","ocean_post_title_background":0,"ocean_post_title_bg_image_position":"","ocean_post_title_bg_image_attachment":"","ocean_post_title_bg_image_repeat":"","ocean_post_title_bg_image_size":"","ocean_post_title_height":0,"ocean_post_title_bg_overlay":0.5,"ocean_post_title_bg_overlay_color":"","ocean_disable_breadcrumbs":"default","ocean_breadcrumbs_color":"","ocean_breadcrumbs_separator_color":"","ocean_breadcrumbs_links_color":"","ocean_breadcrumbs_links_hover_color":"","ocean_display_footer_widgets":"default","ocean_display_footer_bottom":"default","ocean_custom_footer_template":"0","footnotes":""},"class_list":["post-27","page","type-page","status-publish","hentry","entry"],"featured_image_urls_v2":{"full":"","thumbnail":"","medium":"","medium_large":"","large":"","1536x1536":"","2048x2048":"","ocean-thumb-m":"","ocean-thumb-ml":"","ocean-thumb-l":""},"post_excerpt_stackable_v2":"<p>Revier B\u00e4rschwil, Kanton Solothurn Die Jagdgesellschaft B\u00e4rschwil-Grindel bewirtschaftet das Revier Nr. 67 im Kanton Solothurn, auf dem Gemeindegebiet der Gemeinden B\u00e4rschwil und Grindel, im Schwarzbuebeland, Bezirk Dorneck-Thierstein. Geografisch befindet sich das Revier im Solothurner Jura, ca. 5 km s\u00fcdwestlich der Stadt Laufen. Das Revier wird im S\u00fcden begrenzt durch die Fringelikette, welche sich im Revier bis auf eine H\u00f6he von 947m \u00fc.M. erhebt und im Norden durch den Fluss Birs,\u00a0 welcher entlang der Reviergrenze von Delemont (JU) her kommend weiter nach Laufen (BL) fliesst. An den Ufern der Birs f\u00e4llt das Reviergebiet bis auf eine H\u00f6he von 365m \u00fc.M. ab.&hellip;<\/p>\n","category_list_v2":"","author_info_v2":{"name":"Gernot Seitz","url":"https:\/\/www.revier67.ch\/solothurn\/author\/gernot_wn7gg262\/"},"comments_num_v2":"0 comments","jetpack_sharing_enabled":true,"_links":{"self":[{"href":"https:\/\/www.revier67.ch\/solothurn\/wp-json\/wp\/v2\/pages\/27","targetHints":{"allow":["GET"]}}],"collection":[{"href":"https:\/\/www.revier67.ch\/solothurn\/wp-json\/wp\/v2\/pages"}],"about":[{"href":"https:\/\/www.revier67.ch\/solothurn\/wp-json\/wp\/v2\/types\/page"}],"author":[{"embeddable":true,"href":"https:\/\/www.revier67.ch\/solothurn\/wp-json\/wp\/v2\/users\/1"}],"replies":[{"embeddable":true,"href":"https:\/\/www.revier67.ch\/solothurn\/wp-json\/wp\/v2\/comments?post=27"}],"version-history":[{"count":3,"href":"https:\/\/www.revier67.ch\/solothurn\/wp-json\/wp\/v2\/pages\/27\/revisions"}],"predecessor-version":[{"id":111,"href":"https:\/\/www.revier67.ch\/solothurn\/wp-json\/wp\/v2\/pages\/27\/revisions\/111"}],"wp:attachment":[{"href":"https:\/\/www.revier67.ch\/solothurn\/wp-json\/wp\/v2\/media?parent=27"}],"curies":[{"name":"wp","href":"https:\/\/api.w.org\/{rel}","templated":true}]}}