{"id":546,"date":"2021-06-13T16:30:08","date_gmt":"2021-06-13T16:30:08","guid":{"rendered":"https:\/\/www.revier67.ch\/solothurn\/?page_id=546"},"modified":"2021-06-13T17:07:23","modified_gmt":"2021-06-13T17:07:23","slug":"https-www-revier67-ch-solothurn-wildunfall-ursachen-und-neue-erkenntnisse-offnet-in-neuem-tab","status":"publish","type":"page","link":"https:\/\/www.revier67.ch\/solothurn\/https-www-revier67-ch-solothurn-wildunfall-ursachen-und-neue-erkenntnisse-offnet-in-neuem-tab\/","title":{"rendered":"Wildunfall &#8211; Ursachen und neue Erkenntnisse"},"content":{"rendered":"\n<figure class=\"wp-block-image size-large\"><img data-recalc-dims=\"1\" fetchpriority=\"high\" decoding=\"async\" width=\"870\" height=\"320\" src=\"https:\/\/i0.wp.com\/www.revier67.ch\/solothurn\/wp-content\/uploads\/2021\/06\/Title.jpg?resize=870%2C320&#038;ssl=1\" alt=\"\" class=\"wp-image-553\" srcset=\"https:\/\/i0.wp.com\/www.revier67.ch\/solothurn\/wp-content\/uploads\/2021\/06\/Title.jpg?w=870&amp;ssl=1 870w, https:\/\/i0.wp.com\/www.revier67.ch\/solothurn\/wp-content\/uploads\/2021\/06\/Title.jpg?resize=300%2C110&amp;ssl=1 300w, https:\/\/i0.wp.com\/www.revier67.ch\/solothurn\/wp-content\/uploads\/2021\/06\/Title.jpg?resize=768%2C282&amp;ssl=1 768w\" sizes=\"(max-width: 870px) 100vw, 870px\" \/><\/figure>\n\n\n\n<blockquote class=\"wp-block-quote is-layout-flow wp-block-quote-is-layout-flow\"><p>Der Schrecken jedes vern\u00fcnftigen Verkehrsteilnehmers: Das Reh im Scheinwerferlicht!<\/p><\/blockquote>\n\n\n\n<p>Es sind zum Teil schlimme Szenen die man antrifft nach einem Wildunfall.<\/p>\n\n\n\n<ul class=\"wp-block-list\"><li>Verletze, \u00fcberforderte Automobilisten\/innen (im weiteren Automobilisten genannt), kleiner oder auch grosser Schaden am Fahrzeug&#8230;<\/li><li>Jedoch auch totes oder, besonders bedr\u00fcckend, verletztes Wild!<\/li><\/ul>\n\n\n\n<h2 class=\"wp-block-heading\">Die Definition &#8218;Wildunfall&#8216;<\/h2>\n\n\n\n<p>Unter Wildunfall versteht man im weitesten Sinn, den Verkehrsunfall mit einem Wildtier.<\/p>\n\n\n\n<p>Es ist nicht eben ein Tier das auf unseren Strassen ums Leben kommt und wenige sind es leider nicht!<\/p>\n\n\n\n<p>Es handelt sich hierbei um die direkt Kollision eines Fahrzeugs mit einem Wildtier oder den indirekten Schaden der durch ein Ausweichman\u00f6ver zur Verhinderung des Schadens entsteht.<\/p>\n\n\n\n<p>Wird dabei ein Tier get\u00f6tet spricht man von &#8218;Fallwild&#8217;&#8230;<\/p>\n\n\n\n<h2 class=\"wp-block-heading\">Die Zahlen<\/h2>\n\n\n\n<p>In der Schweiz werden j\u00e4hrlich rund 20\u2019000 Wildtierunf\u00e4lle gemeldet!<\/p>\n\n\n\n<p>In der eidgen\u00f6ssischen Jagdstatistik wird das &#8218;Fallwild&#8216; separat gef\u00fchrt:<\/p>\n\n\n\n<div class=\"wp-block-image\"><figure class=\"aligncenter size-large is-resized\"><img decoding=\"async\" src=\"https:\/\/i1.wp.com\/www.lalilo.ch\/wp-content\/uploads\/2020\/04\/reh-2009-2018.png?fit=878%2C1024&amp;ssl=1\" alt=\"Wildunfall\" class=\"wp-image-3832\" width=\"659\" height=\"768\"\/><\/figure><\/div>\n\n\n\n<div class=\"wp-block-image\"><figure class=\"aligncenter size-large is-resized\"><img data-recalc-dims=\"1\" decoding=\"async\" src=\"https:\/\/i0.wp.com\/jagen.blog\/wp-content\/uploads\/2020\/04\/wildschwein-2009-2018-878x1024.png?resize=659%2C768&#038;ssl=1\" alt=\"\" class=\"wp-image-3833\" width=\"659\" height=\"768\"\/><\/figure><\/div>\n\n\n\n<p>Mehr Zahlen sind hier zu finden : <a aria-label=\"Jagdstatistik (opens in a new tab)\" href=\"https:\/\/www.jagdstatistik.ch\/de\/statistics?tt=0&amp;dt=0&amp;at=0&amp;st=0&amp;dp=0&amp;ar=CH&amp;th=4&amp;yr%5Bfrom%5D=2010&amp;yr%5Bto%5D=2019&amp;sp=%201\" target=\"_blank\" rel=\"noreferrer noopener\" class=\"rank-math-link\">Jagdstatistik<\/a><\/p>\n\n\n\n<h2 class=\"wp-block-heading\">Die technischen Fakten<\/h2>\n\n\n\n<p>Nebst dem das ein Wildtier bei einem Unfall mit einem Pkw verletzt oder leider auch get\u00f6tet wird &#8211; ob durch den Aufprall oder sp\u00e4ter aufgrund der Verletzungen von einer Fachperson erl\u00f6st spielt eigentlich keine Rolle &#8211; sollte man nie folgendes vergessen: Wildtiere k\u00f6nnen durch ihre Massen schwere Sch\u00e4den an Fahrzeug und Insassen hervorrufen!<\/p>\n\n\n\n<p>Ich finde diese Grafik von Jagdexpert sehr bemerkenswert. Schauen Sie sich die Aufprallenergie eines so zierlichen Tieres wie dem Rehbock an &#8211; ich war hier \u00fcberrascht!<\/p>\n\n\n\n<figure class=\"wp-block-image size-large\"><img decoding=\"async\" src=\"https:\/\/i1.wp.com\/www.lalilo.ch\/wp-content\/uploads\/2020\/04\/Aufprallgewicht.jpg?fit=750%2C1024&amp;ssl=1\" alt=\"\" class=\"wp-image-3842\"\/><figcaption>Quelle: Von Jagdexperte &#8211; Eigenes Werk, CC BY-SA 4.0<\/figcaption><\/figure>\n\n\n\n<h2 class=\"wp-block-heading\">Wie kommt es eigentlich zu solchen Unf\u00e4llen?<\/h2>\n\n\n\n<p>Unf\u00e4lle mit Wildtieren kommen meist dort vor wo der Mensch das Gebiet betritt &#8211; in diesem Fall besser &#8218;bef\u00e4hrt&#8216; an dem das Tier schon lange vorher gelebt hat.<br>Es sind die sog. Wildwechsel die hier die ausschlaggebende Rolle spielen.<\/p>\n\n\n\n<h3 class=\"wp-block-heading\">Wildwechsel?<\/h3>\n\n\n\n<p>Wildwechsel beim Niederwild auch Pass genannt, nennt man die Wege die das Wild regelm\u00e4ssig benutzt.<\/p>\n\n\n\n<p><a href=\"https:\/\/www.revier67.ch\/solothurn\/jagd\/unser-wild\/das-reh\/\" target=\"_blank\" data-type=\"page\" data-id=\"427\" rel=\"noreferrer noopener nofollow\">Rehe <\/a>gehen bevorzugt Wege die sie schon lange kennen, dies ist sogar dem Laien ersichtlich, wenn er durch den Wald geht. Es sind regelrechte &#8218;<a aria-label=\"Trampelpfade (opens in a new tab)\" class=\"rank-math-link\" href=\"https:\/\/jagen.blog\/2020\/01\/28\/augen-auf-beim-waldspaziergang\/\" target=\"_blank\" rel=\"noreferrer noopener\">Trampelpfade<\/a>&#8218; die sich bilden.<\/p>\n\n\n\n<div class=\"wp-block-image\"><figure class=\"aligncenter size-large\"><img data-recalc-dims=\"1\" height=\"1024\" width=\"768\" decoding=\"async\" src=\"https:\/\/i0.wp.com\/jagen.blog\/wp-content\/uploads\/2020\/01\/IMG_3002-768x1024.jpg?resize=768%2C1024&#038;ssl=1\" alt=\"\" class=\"wp-image-3752\"\/><figcaption>Hier ein Wechsel von Schwarzwild<\/figcaption><\/figure><\/div>\n\n\n\n<p>Das Problem mit den Wechseln ist nun folgendes: Sie entstanden meist schon lange bevor die Strasse auf der sp\u00e4ter eine Wildunfall stattfindet.<\/p>\n\n\n\n<p>Dies bedeutet kurz gesagt &#8218;das Wild kennt seinen Weg und die Strasse ist nicht auf seiner Karte eingezeichnet&#8216;<\/p>\n\n\n\n<p>Das Wild wandert in seinem Revier umher und kreuzt dabei die Strassen die der Mensch hindurch gebaut hat. Besonders in der Morgen- und Abendd\u00e4mmerung, die Zeit in der das Wild besonders aktiv ist, ist ein Problem dabei. In dieser Zeit ist das Wild besonders aktiv und wandert in seinem Revier umher.<\/p>\n\n\n\n<p>Eine ebenso schwierige Zeit ist die Brunftzeit. In dieser Periode in der sich die m\u00e4nnlichen Tiere &#8211; besonders <a href=\"https:\/\/www.revier67.ch\/solothurn\/jagd\/unser-wild\/das-reh\/\" target=\"_blank\" data-type=\"page\" data-id=\"427\" rel=\"noreferrer noopener\">Rehb\u00f6cke <\/a>und <a href=\"https:\/\/www.revier67.ch\/solothurn\/jagd\/unser-wild\/https-www-revier67-ch-solothurn-der-rothirsch\/\" target=\"_blank\" data-type=\"page\" data-id=\"525\" rel=\"noreferrer noopener\">Hirsche <\/a>&#8211; ihre Partner und auch ihr neues Revier suchen oder erobern ist die Wahrscheinlichkeit gross, dass eine Strasse im Wege steht&#8230;<\/p>\n\n\n\n<h3 class=\"wp-block-heading\">Gibt es einen Verursacher?<\/h3>\n\n\n\n<p>Nun ja, rein theoretisch k\u00f6nnte man sagen das der Mensch nach dem Tier die Strasse gebaut hat und somit der Schuldige an diesen Unf\u00e4llen ist.<br>Dies ist aber nach meiner Ansicht ein Vergleich den man so nicht halten kann. Der Strassenverkehr ist leider ein \u00dcbel der heutigen Gesellschaft&#8230;<\/p>\n\n\n\n<figure class=\"wp-block-pullquote is-style-solid-color\"><blockquote><p>Was man mit Sicherheit sagen kann, das Tier ist immer das Opfer&#8230;<\/p><\/blockquote><\/figure>\n\n\n\n<h3 class=\"wp-block-heading\">Gibt es M\u00f6glichkeiten der Verhinderung solcher Unf\u00e4lle?<\/h3>\n\n\n\n<p><strong>Definitiv: Ja!<\/strong><\/p>\n\n\n\n<h4 class=\"wp-block-heading\">Wildbr\u00fccken<\/h4>\n\n\n\n<p>Damit die Wildtiere ihren gewohnten Wechsel auch nach dem Bau einer Strasse nutzen k\u00f6nnen, werden sog. Wildbr\u00fccken (sie werden auch Gr\u00fcnbr\u00fccken genannt) gebaut.<\/p>\n\n\n\n<p>Ein der gr\u00f6ssten steht in Chur und \u00fcberspannt die A13.<br>Einen detaillierten Bericht findet sich in der Zeitung <a href=\"https:\/\/www.suedostschweiz.ch\/aus-dem-leben\/2017-10-26\/die-bruecke-ist-bereit-die-tiere-noch-nicht\" target=\"_blank\" aria-label=\"S\u00fcdostschweiz (opens in a new tab)\" rel=\"noreferrer noopener\" class=\"rank-math-link\">S\u00fcdostschweiz<\/a><\/p>\n\n\n\n<div class=\"wp-block-image\"><figure class=\"aligncenter size-large\"><img data-recalc-dims=\"1\" decoding=\"async\" src=\"https:\/\/i0.wp.com\/jagen.blog\/wp-content\/uploads\/2020\/09\/Wildbruecke.jpg?w=1200&#038;ssl=1\" alt=\"\" class=\"wp-image-7205\"\/><figcaption>\u00a9 S\u00fcdostschweiz\/Marco Hartmann<\/figcaption><\/figure><\/div>\n\n\n\n<p>Eine List von Wildbr\u00fccken in Europa findet man auf der Seite <a href=\"https:\/\/structurae.net\/de\/bauwerke\/bruecken\/gruenbruecken\/liste\" target=\"_blank\" aria-label=\" (opens in a new tab)\" rel=\"noreferrer noopener\" class=\"rank-math-link\">Structurae<\/a><\/p>\n\n\n\n<h4 class=\"wp-block-heading\">Warnanlagen<\/h4>\n\n\n\n<p>Ein neues und interessantes Konzept testet die Firma <a aria-label=\"AniMot  (opens in a new tab)\" href=\"https:\/\/www.animot.eu\/\" target=\"_blank\" rel=\"noreferrer noopener\" class=\"rank-math-link\">AniMot <\/a>gerade bei uns um die Ecke.<\/p>\n\n\n\n<p>Die Strecke zwischen Aesch und Ettingen im Kanton Baselland durchtrennt schon seit Jahren ein von <a href=\"https:\/\/www.revier67.ch\/solothurn\/jagd\/unser-wild\/das-reh\/\" target=\"_blank\" data-type=\"page\" data-id=\"427\" rel=\"noreferrer noopener\">Rehen <\/a>stark frequentiertes Gebiet. Jedes Jahr haben wir dort eine nicht geringe Anzahl Fallwild und ab und zu auch Personensch\u00e4den.<\/p>\n\n\n\n<div class=\"wp-block-image\"><figure class=\"aligncenter size-large is-resized\"><img data-recalc-dims=\"1\" loading=\"lazy\" decoding=\"async\" src=\"https:\/\/i0.wp.com\/jagen.blog\/wp-content\/uploads\/2020\/10\/Aesch-Ettingen-1024x671.jpg?resize=768%2C503&#038;ssl=1\" alt=\"\" class=\"wp-image-7210\" width=\"768\" height=\"503\"\/><figcaption>Der betroffene Strassenabschnitt.<\/figcaption><\/figure><\/div>\n\n\n\n<p>Das System das AniMot anbietet \u00fcberwacht den Strassenabschnitt autonom und sendet optische Signale an den heranfahrenden Automobilisten.<\/p>\n\n\n\n<p>Hier das Werbevideo der Firma<\/p>\n\n\n\n<figure class=\"wp-block-embed aligncenter is-type-video is-provider-youtube wp-block-embed-youtube wp-embed-aspect-16-9 wp-has-aspect-ratio\"><div class=\"wp-block-embed__wrapper\">\n<p class=\"responsive-video-wrap clr\"><iframe title=\"AniMot motion expert\" width=\"1200\" height=\"675\" src=\"https:\/\/www.youtube.com\/embed\/8EGojEyPdFo?feature=oembed\" frameborder=\"0\" allow=\"accelerometer; autoplay; clipboard-write; encrypted-media; gyroscope; picture-in-picture\" allowfullscreen><\/iframe><\/p>\n<\/div><\/figure>\n\n\n\n<p>Das System hinterl\u00e4sst bei mir einen positiven Eindruck. Es ist technisch einfach gehalten &#8211; was immer gut ist, es wird dadurch sicherlich weniger Fehleranf\u00e4llig und braucht was ich so vernommen habe keine grosse Wartung. Die Installation an die bestehenden Strassenbegrenzungen d\u00fcrfte von einem Gemeindemitarbeiter mit Leichtigkeit erledigt werden.<\/p>\n\n\n\n<p>Hier noch ein paar Bilder des Systems:<\/p>\n\n\n\n<figure class=\"wp-block-gallery columns-3 is-cropped wp-block-gallery-1 is-layout-flex wp-block-gallery-is-layout-flex\"><ul class=\"blocks-gallery-grid\"><li class=\"blocks-gallery-item\"><figure><img data-recalc-dims=\"1\" loading=\"lazy\" decoding=\"async\" width=\"1024\" height=\"638\" src=\"https:\/\/i0.wp.com\/www.revier67.ch\/solothurn\/wp-content\/uploads\/2021\/06\/Animot_4.jpg?resize=1024%2C638&#038;ssl=1\" alt=\"\" data-id=\"551\" data-full-url=\"https:\/\/www.revier67.ch\/solothurn\/wp-content\/uploads\/2021\/06\/Animot_4.jpg\" data-link=\"https:\/\/www.revier67.ch\/solothurn\/https-www-revier67-ch-solothurn-wildunfall-ursachen-und-neue-erkenntnisse-offnet-in-neuem-tab\/animot_4\/\" class=\"wp-image-551\" srcset=\"https:\/\/i0.wp.com\/www.revier67.ch\/solothurn\/wp-content\/uploads\/2021\/06\/Animot_4.jpg?w=1024&amp;ssl=1 1024w, https:\/\/i0.wp.com\/www.revier67.ch\/solothurn\/wp-content\/uploads\/2021\/06\/Animot_4.jpg?resize=300%2C187&amp;ssl=1 300w, https:\/\/i0.wp.com\/www.revier67.ch\/solothurn\/wp-content\/uploads\/2021\/06\/Animot_4.jpg?resize=768%2C479&amp;ssl=1 768w\" sizes=\"(max-width: 1024px) 100vw, 1024px\" \/><\/figure><\/li><li class=\"blocks-gallery-item\"><figure><img data-recalc-dims=\"1\" loading=\"lazy\" decoding=\"async\" width=\"1024\" height=\"768\" src=\"https:\/\/i0.wp.com\/www.revier67.ch\/solothurn\/wp-content\/uploads\/2021\/06\/Animot_3.jpg?resize=1024%2C768&#038;ssl=1\" alt=\"\" data-id=\"550\" data-full-url=\"https:\/\/www.revier67.ch\/solothurn\/wp-content\/uploads\/2021\/06\/Animot_3.jpg\" data-link=\"https:\/\/www.revier67.ch\/solothurn\/https-www-revier67-ch-solothurn-wildunfall-ursachen-und-neue-erkenntnisse-offnet-in-neuem-tab\/animot_3\/\" class=\"wp-image-550\" srcset=\"https:\/\/i0.wp.com\/www.revier67.ch\/solothurn\/wp-content\/uploads\/2021\/06\/Animot_3.jpg?resize=1024%2C768&amp;ssl=1 1024w, https:\/\/i0.wp.com\/www.revier67.ch\/solothurn\/wp-content\/uploads\/2021\/06\/Animot_3.jpg?resize=300%2C225&amp;ssl=1 300w, https:\/\/i0.wp.com\/www.revier67.ch\/solothurn\/wp-content\/uploads\/2021\/06\/Animot_3.jpg?resize=768%2C576&amp;ssl=1 768w, https:\/\/i0.wp.com\/www.revier67.ch\/solothurn\/wp-content\/uploads\/2021\/06\/Animot_3.jpg?resize=1536%2C1152&amp;ssl=1 1536w, https:\/\/i0.wp.com\/www.revier67.ch\/solothurn\/wp-content\/uploads\/2021\/06\/Animot_3.jpg?w=1600&amp;ssl=1 1600w\" sizes=\"(max-width: 1024px) 100vw, 1024px\" \/><\/figure><\/li><li class=\"blocks-gallery-item\"><figure><img data-recalc-dims=\"1\" loading=\"lazy\" decoding=\"async\" width=\"1024\" height=\"576\" src=\"https:\/\/i0.wp.com\/www.revier67.ch\/solothurn\/wp-content\/uploads\/2021\/06\/Animot_2.jpg?resize=1024%2C576&#038;ssl=1\" alt=\"\" data-id=\"549\" data-full-url=\"https:\/\/www.revier67.ch\/solothurn\/wp-content\/uploads\/2021\/06\/Animot_2.jpg\" data-link=\"https:\/\/www.revier67.ch\/solothurn\/https-www-revier67-ch-solothurn-wildunfall-ursachen-und-neue-erkenntnisse-offnet-in-neuem-tab\/animot_2\/\" class=\"wp-image-549\" srcset=\"https:\/\/i0.wp.com\/www.revier67.ch\/solothurn\/wp-content\/uploads\/2021\/06\/Animot_2.jpg?resize=1024%2C576&amp;ssl=1 1024w, https:\/\/i0.wp.com\/www.revier67.ch\/solothurn\/wp-content\/uploads\/2021\/06\/Animot_2.jpg?resize=300%2C169&amp;ssl=1 300w, https:\/\/i0.wp.com\/www.revier67.ch\/solothurn\/wp-content\/uploads\/2021\/06\/Animot_2.jpg?resize=768%2C432&amp;ssl=1 768w, https:\/\/i0.wp.com\/www.revier67.ch\/solothurn\/wp-content\/uploads\/2021\/06\/Animot_2.jpg?w=1099&amp;ssl=1 1099w\" sizes=\"(max-width: 1024px) 100vw, 1024px\" \/><\/figure><\/li><li class=\"blocks-gallery-item\"><figure><img data-recalc-dims=\"1\" loading=\"lazy\" decoding=\"async\" width=\"1024\" height=\"538\" src=\"https:\/\/i0.wp.com\/www.revier67.ch\/solothurn\/wp-content\/uploads\/2021\/06\/Animot_1.jpg?resize=1024%2C538&#038;ssl=1\" alt=\"\" data-id=\"548\" data-full-url=\"https:\/\/www.revier67.ch\/solothurn\/wp-content\/uploads\/2021\/06\/Animot_1.jpg\" data-link=\"https:\/\/www.revier67.ch\/solothurn\/https-www-revier67-ch-solothurn-wildunfall-ursachen-und-neue-erkenntnisse-offnet-in-neuem-tab\/animot_1\/\" class=\"wp-image-548\" srcset=\"https:\/\/i0.wp.com\/www.revier67.ch\/solothurn\/wp-content\/uploads\/2021\/06\/Animot_1.jpg?resize=1024%2C538&amp;ssl=1 1024w, https:\/\/i0.wp.com\/www.revier67.ch\/solothurn\/wp-content\/uploads\/2021\/06\/Animot_1.jpg?resize=300%2C158&amp;ssl=1 300w, https:\/\/i0.wp.com\/www.revier67.ch\/solothurn\/wp-content\/uploads\/2021\/06\/Animot_1.jpg?resize=768%2C403&amp;ssl=1 768w, https:\/\/i0.wp.com\/www.revier67.ch\/solothurn\/wp-content\/uploads\/2021\/06\/Animot_1.jpg?w=1200&amp;ssl=1 1200w\" sizes=\"(max-width: 1024px) 100vw, 1024px\" \/><\/figure><\/li><\/ul><\/figure>\n\n\n\n<h4 class=\"wp-block-heading\">Fahrweise<\/h4>\n\n\n\n<p>Ein Punkt im Verhindern von Wildunf\u00e4llen hat jeder selbst in der Hand: <\/p>\n\n\n\n<figure class=\"wp-block-pullquote is-style-solid-color\"><blockquote><p>Voraussehende Fahrweise die dem Wetter, der Tageszeit und den \u00f6rtlichen Verh\u00e4ltnissen angepasst ist!<\/p><\/blockquote><\/figure>\n\n\n\n<p>Es ist leider immer wieder zu sehen, wie Strassenabschnitte von denen schon bekannt ist, dass Wildwechsel stattfinden &#8211; sei es durch Beobachtungen oder durch Unf\u00e4lle aus der Vergangenheit &#8211; zu Rennstrecken werden.<\/p>\n\n\n\n<p>Es ist ja nur eine Strasse die schnurgerade durch die Landschaft f\u00fchrt. Auf die Warnhinweise schaut man nicht da man das Tier das darauf abgebildet ist noch nie in der Gegend gesehen hat&#8230;<\/p>\n\n\n\n<div class=\"wp-block-image\"><figure class=\"aligncenter size-large\"><img data-recalc-dims=\"1\" height=\"512\" width=\"1024\" decoding=\"async\" src=\"https:\/\/i0.wp.com\/jagen.blog\/wp-content\/uploads\/2020\/10\/Wildwechsel_Schild-1024x512.jpg?resize=1024%2C512&#038;ssl=1\" alt=\"\" class=\"wp-image-7222\"\/><figcaption>Ein Schild das wichtig ist.<\/figcaption><\/figure><\/div>\n\n\n\n<h2 class=\"wp-block-heading\">Verhalten als Automobillist<\/h2>\n\n\n\n<ul class=\"wp-block-list\"><li>Fahren Sie in der Morgen- und Abendd\u00e4mmerung immer mit Licht und besonders entlang von Feldern, Hecken und Waldr\u00e4ndern mit h\u00f6chster Aufmerksamkeit<\/li><li>Reduzieren Sie insbesondere bei Warntafeln und in Wohngebieten das Tempo; in der Nacht ist die Gefahr besonders gross, da die Tiere vom Scheinwerferlicht geblendet auf der Strasse stehen bleiben<\/li><li>Halten Sie sich auf der Fahrbahn m\u00f6glichst links und behalten sie den rechten Strassenrand im Auge<\/li><li>Wenn Sie Tiere auf oder neben der Strasse sehen, schalten Sie sofort den Warnblinker ein, wechseln Sie auf Abblendlicht und fahren Sie entweder im Schritttempo vorbei oder warten Sie, bis die Tiere die Strasse \u00fcberquert haben<\/li><li>Setzen Sie die Fahrt langsam fort, es k\u00f6nnten noch weitere Tiere folgen<\/li><\/ul>\n\n\n\n<h2 class=\"wp-block-heading\">Was tun wenn es trotz allem zu einem Unfall mit Wild kommt?<\/h2>\n\n\n\n<ol class=\"wp-block-list\"><li>Halten Sie umgehend an und schalten Sie den Warnblinker ein.<\/li><li>Sichern Sie die Unfallstelle mit einem Pannendreieck.<\/li><li>Rufen Sie die Polizei (Telefon 117).<\/li><li>N\u00e4hern Sie sich dem verletzten Tier auf keinen Fall; dies f\u00fchrt zu zus\u00e4tzlichem Stress und Leid.<\/li><li>Warten Sie im Auto, bis die Polizei und der Wildh\u00fcter oder der J\u00e4ger am Unfallort eingetroffen sind.<\/li><\/ol>\n\n\n\n<h2 class=\"wp-block-heading\">&#8230;und wenn man einfach weiter f\u00e4hrt?<\/h2>\n\n\n\n<div class=\"wp-block-ugb-notification ugb-notification ugb-729963c ugb-notification--v2 ugb-notification--design-basic ugb-notification--type-error ugb-main-block\"><div class=\"ugb-inner-block\"><div class=\"ugb-block-content\"><div class=\"ugb-notification__item ugb-notification--new-icon ugb--shadow-3\"><div class=\"ugb-notification__icon\"><div class=\"ugb-icon-inner-svg\"><svg data-prefix=\"fas\" data-icon=\"exclamation-triangle\" class=\"svg-inline--fa fa-exclamation-triangle fa-w-18\" role=\"img\" xmlns=\"http:\/\/www.w3.org\/2000\/svg\" viewBox=\"0 0 576 512\"><path fill=\"currentColor\" d=\"M569.517 440.013C587.975 472.007 564.806 512 527.94 512H48.054c-36.937 0-59.999-40.055-41.577-71.987L246.423 23.985c18.467-32.009 64.72-31.951 83.154 0l239.94 416.028zM288 354c-25.405 0-46 20.595-46 46s20.595 46 46 46 46-20.595 46-46-20.595-46-46-46zm-43.673-165.346l7.418 136c.347 6.364 5.609 11.346 11.982 11.346h48.546c6.373 0 11.635-4.982 11.982-11.346l7.418-136c.375-6.874-5.098-12.654-11.982-12.654h-63.383c-6.884 0-12.356 5.78-11.981 12.654z\"><\/path><\/svg><\/div><\/div><p class=\"ugb-notification__description\">Ein verletztes Tier liegen zulassen, ist kein Kavaliersdelikt. Man macht sich nicht nur der Tierqu\u00e4lerei schuldig, denn auch Fahrerflucht kann mit einer Busse von bis zu CHF 10\u2019000 bestraft werden. Sachsch\u00e4den am Fahrzeug werden zudem nur verg\u00fctet, wenn der Unfall sofort der Polizei gemeldet und protokolliert wurde.<\/p><\/div><\/div><\/div><\/div>\n","protected":false},"excerpt":{"rendered":"<p>Der Schrecken jedes vern\u00fcnftigen Verkehrsteilnehmers: Das Reh im Scheinwerferlicht! Es sind zum Teil schlimme Szenen die man antrifft nach einem Wildunfall. Verletze, \u00fcberforderte Automobilisten\/innen (im weiteren Automobilisten genannt), kleiner oder auch grosser Schaden am Fahrzeug&#8230; Jedoch auch totes oder, besonders bedr\u00fcckend, verletztes Wild! Die Definition &#8218;Wildunfall&#8216; Unter Wildunfall versteht man im weitesten Sinn, den Verkehrsunfall [&hellip;]<\/p>\n","protected":false},"author":6,"featured_media":0,"parent":0,"menu_order":4,"comment_status":"closed","ping_status":"closed","template":"","meta":{"ocean_post_layout":"","ocean_both_sidebars_style":"","ocean_both_sidebars_content_width":0,"ocean_both_sidebars_sidebars_width":0,"ocean_sidebar":"0","ocean_second_sidebar":"0","ocean_disable_margins":"enable","ocean_add_body_class":"","ocean_shortcode_before_top_bar":"","ocean_shortcode_after_top_bar":"","ocean_shortcode_before_header":"","ocean_shortcode_after_header":"","ocean_has_shortcode":"","ocean_shortcode_after_title":"","ocean_shortcode_before_footer_widgets":"","ocean_shortcode_after_footer_widgets":"","ocean_shortcode_before_footer_bottom":"","ocean_shortcode_after_footer_bottom":"","ocean_display_top_bar":"default","ocean_display_header":"default","ocean_header_style":"","ocean_center_header_left_menu":"0","ocean_custom_header_template":"0","ocean_custom_logo":0,"ocean_custom_retina_logo":0,"ocean_custom_logo_max_width":0,"ocean_custom_logo_tablet_max_width":0,"ocean_custom_logo_mobile_max_width":0,"ocean_custom_logo_max_height":0,"ocean_custom_logo_tablet_max_height":0,"ocean_custom_logo_mobile_max_height":0,"ocean_header_custom_menu":"0","ocean_menu_typo_font_family":"0","ocean_menu_typo_font_subset":"","ocean_menu_typo_font_size":0,"ocean_menu_typo_font_size_tablet":0,"ocean_menu_typo_font_size_mobile":0,"ocean_menu_typo_font_size_unit":"px","ocean_menu_typo_font_weight":"","ocean_menu_typo_font_weight_tablet":"","ocean_menu_typo_font_weight_mobile":"","ocean_menu_typo_transform":"","ocean_menu_typo_transform_tablet":"","ocean_menu_typo_transform_mobile":"","ocean_menu_typo_line_height":0,"ocean_menu_typo_line_height_tablet":0,"ocean_menu_typo_line_height_mobile":0,"ocean_menu_typo_line_height_unit":"","ocean_menu_typo_spacing":0,"ocean_menu_typo_spacing_tablet":0,"ocean_menu_typo_spacing_mobile":0,"ocean_menu_typo_spacing_unit":"","ocean_menu_link_color":"","ocean_menu_link_color_hover":"","ocean_menu_link_color_active":"","ocean_menu_link_background":"","ocean_menu_link_hover_background":"","ocean_menu_link_active_background":"","ocean_menu_social_links_bg":"","ocean_menu_social_hover_links_bg":"","ocean_menu_social_links_color":"","ocean_menu_social_hover_links_color":"","ocean_disable_title":"default","ocean_disable_heading":"default","ocean_post_title":"","ocean_post_subheading":"","ocean_post_title_style":"","ocean_post_title_background_color":"","ocean_post_title_background":0,"ocean_post_title_bg_image_position":"","ocean_post_title_bg_image_attachment":"","ocean_post_title_bg_image_repeat":"","ocean_post_title_bg_image_size":"","ocean_post_title_height":0,"ocean_post_title_bg_overlay":0.5,"ocean_post_title_bg_overlay_color":"","ocean_disable_breadcrumbs":"default","ocean_breadcrumbs_color":"","ocean_breadcrumbs_separator_color":"","ocean_breadcrumbs_links_color":"","ocean_breadcrumbs_links_hover_color":"","ocean_display_footer_widgets":"default","ocean_display_footer_bottom":"default","ocean_custom_footer_template":"0","footnotes":""},"class_list":["post-546","page","type-page","status-publish","hentry","entry"],"featured_image_urls_v2":{"full":"","thumbnail":"","medium":"","medium_large":"","large":"","1536x1536":"","2048x2048":"","ocean-thumb-m":"","ocean-thumb-ml":"","ocean-thumb-l":""},"post_excerpt_stackable_v2":"<p>Der Schrecken jedes vern\u00fcnftigen Verkehrsteilnehmers: Das Reh im Scheinwerferlicht! Es sind zum Teil schlimme Szenen die man antrifft nach einem Wildunfall. Verletze, \u00fcberforderte Automobilisten\/innen (im weiteren Automobilisten genannt), kleiner oder auch grosser Schaden am Fahrzeug&#8230;Jedoch auch totes oder, besonders bedr\u00fcckend, verletztes Wild! Die Definition &#8218;Wildunfall&#8216; Unter Wildunfall versteht man im weitesten Sinn, den Verkehrsunfall mit einem Wildtier. Es ist nicht eben ein Tier das auf unseren Strassen ums Leben kommt und wenige sind es leider nicht! Es handelt sich hierbei um die direkt Kollision eines Fahrzeugs mit einem Wildtier oder den indirekten Schaden der durch ein Ausweichman\u00f6ver zur Verhinderung des&hellip;<\/p>\n","category_list_v2":"","author_info_v2":{"name":"Peter Treier","url":"https:\/\/www.revier67.ch\/solothurn\/author\/peter-treier\/"},"comments_num_v2":"0 comments","jetpack_sharing_enabled":true,"_links":{"self":[{"href":"https:\/\/www.revier67.ch\/solothurn\/wp-json\/wp\/v2\/pages\/546","targetHints":{"allow":["GET"]}}],"collection":[{"href":"https:\/\/www.revier67.ch\/solothurn\/wp-json\/wp\/v2\/pages"}],"about":[{"href":"https:\/\/www.revier67.ch\/solothurn\/wp-json\/wp\/v2\/types\/page"}],"author":[{"embeddable":true,"href":"https:\/\/www.revier67.ch\/solothurn\/wp-json\/wp\/v2\/users\/6"}],"replies":[{"embeddable":true,"href":"https:\/\/www.revier67.ch\/solothurn\/wp-json\/wp\/v2\/comments?post=546"}],"version-history":[{"count":11,"href":"https:\/\/www.revier67.ch\/solothurn\/wp-json\/wp\/v2\/pages\/546\/revisions"}],"predecessor-version":[{"id":577,"href":"https:\/\/www.revier67.ch\/solothurn\/wp-json\/wp\/v2\/pages\/546\/revisions\/577"}],"wp:attachment":[{"href":"https:\/\/www.revier67.ch\/solothurn\/wp-json\/wp\/v2\/media?parent=546"}],"curies":[{"name":"wp","href":"https:\/\/api.w.org\/{rel}","templated":true}]}}