{"id":690,"date":"2021-06-19T17:59:14","date_gmt":"2021-06-19T15:59:14","guid":{"rendered":"https:\/\/www.revier67.ch\/solothurn\/?page_id=690"},"modified":"2021-06-19T19:19:04","modified_gmt":"2021-06-19T17:19:04","slug":"jagdsignale-so-klingt-der-herbst","status":"publish","type":"page","link":"https:\/\/www.revier67.ch\/solothurn\/jagdsignale-so-klingt-der-herbst\/","title":{"rendered":"Jagdsignale &#8211; so klingt der Herbst"},"content":{"rendered":"\n<blockquote class=\"wp-block-quote is-layout-flow wp-block-quote-is-layout-flow\"><p>Die Jagdhornsignale sind ein fester Bestandteil der Jagdkultur. Heute liegt der Schwerpunkt im jagdlichen Brauchtum. <\/p><\/blockquote>\n\n\n\n<h2 class=\"wp-block-heading\" id=\"0-das-instrument\">Das Instrument<\/h2>\n\n\n\n<p>Das F\u00fcrst-Pless-Horn, kurz Plesshorn, ist ein in B gestimmtes Blechblasinstrument und dient als Horn J\u00e4gern zum Anstimmen der Jagdsignale und Fanfaren. <\/p>\n\n\n\n<p>Das F\u00fcrst-Pless-Horn wird in verschiedenen Bauausf\u00fchrungen als Jagdgebrauchsinstrument verwendet. Als reines Naturhorn mit einer Rohrl\u00e4nge von ca. 130 cm hat es einen Tonvorrat von normal gebr\u00e4uchlich sieben Naturt\u00f6nen, wobei bis auf wenige Ausnahmen nur die f\u00fcnf tiefsten dieser T\u00f6ne verwendet werden. Der tiefste Ton davon ist der 2. Naturton, der Grundton (1. Naturton) wird nicht verwendet, da er sehr schlecht intoniert. Die gute Unterscheidbarkeit der f\u00fcnf \u00fcblicherweise verwendeten T\u00f6ne ist eine Voraussetzung zur klaren Identifikation der verschiedenen Jagdsignale auch \u00fcber gr\u00f6ssere Entfernungen in bewachsenem Gel\u00e4nde. <\/p>\n\n\n\n<div class=\"wp-block-image\"><figure class=\"aligncenter\"><img data-recalc-dims=\"1\" decoding=\"async\" src=\"https:\/\/i0.wp.com\/jagen.blog\/wp-content\/uploads\/2019\/05\/64e785.jpg?w=1200&#038;ssl=1\" alt=\"Jagdsignale\" class=\"wp-image-2447\"\/><figcaption> Das  kleine Jagdhorn wird \u00abF\u00fcrst-Pless-Horn\u00bb genannt. F\u00fcrst von Pless, der  Oberj\u00e4germeister des deutschen Kaisers Wilhelm, hat viel zu seiner  Verbreitung beigetragen.  <\/figcaption><\/figure><\/div>\n\n\n\n<p>Benannt wurde das F\u00fcrst-Pless-Horn ab 1880 nach <a href=\"https:\/\/de.wikipedia.org\/wiki\/Hans_Heinrich_XV._F%C3%BCrst_von_Pless\" target=\"_blank\" aria-label=\"Hans Heinrich XI., F\u00fcrst von Pless (opens in a new tab)\" rel=\"noreferrer noopener\" class=\"rank-math-link\">Hans Heinrich XI., F\u00fcrst von Pless<\/a>, dem Oberstj\u00e4germeister unter den Kaisern Wilhelm I. und Wilhelm II., der zu seiner Verbreitung wesentlich beitrug. Eingang fand es in das Waidwerk \u00fcber die J\u00e4ger- und Sch\u00fctzeneinheiten des deutschen Bundesheeres, die ein kreisf\u00f6rmiges Signalhorn zur Unterscheidung von der Infanterie mit ihrem B\u00fcgelhorn f\u00fchrten. Die im deutschen Bundesheer dienenden F\u00f6rster und Berufsj\u00e4ger nahmen es mit ins Zivilleben, ebenso wie manches milit\u00e4rische Signal, das zum Jagdsignal umgewidmet wurde. <\/p>\n\n\n\n<h2 class=\"wp-block-heading\" id=\"1-sinn-und-zweck-der-signale\">Sinn und Zweck der Signale<\/h2>\n\n\n\n<p>Jagdsignale haben die Aufgabe bestimmte Informationen zum Verlauf der Jagd zu vermitteln.<\/p>\n\n\n\n<p>Die Verst\u00e4ndigung \u00fcber Jagdhornsignale ist auch in Zeiten moderner  Fernmeldetechnik mit Mobilfunktelefonen diesen \u00fcberlegen, wichtige  Anordnungen werden unmittelbar von allen Teilnehmern vernommen. <\/p>\n\n\n\n<p>Wir unterscheiden folgende Signalgruppen<\/p>\n\n\n\n<h3 class=\"wp-block-heading\" id=\"2--leitsignale-\"><strong>Leitsignale<\/strong><\/h3>\n\n\n\n<p>diese Signale dienen als Steuerungs- und Sicherheitselement bei Gesellschaftsjagden.<br>Die Signale umfassen dabei die Begr\u00fcssung zu Beginn und am Ende der Jagd (letzteres, bei Gesellschaftsjagden im Anschluss daran gemeinsam geblasenes Signal wird in der J\u00e4gersprache Halali genannt), Warnsignale und Hilferufe bei Gefahren und Unf\u00e4llen sowie die Anweisungen, wie sich die Treiber und J\u00e4ger zu verhalten haben.<\/p>\n\n\n\n<h3 class=\"wp-block-heading\" id=\"3--totsignale-\"><strong>Totsignale<\/strong><\/h3>\n\n\n\n<p>Die Totsignale werden nach der Jagd beim Totverblasen an der Jagdstrecke mit dem Jagdhorn gespielt und gelten dem Wild als letzte Ehrerweisung durch die J\u00e4ger. Totsignale werden dabei nach Hoch- und Niederwild geordnet. Beim Totverblasen werden F\u00fcrst-Pless-H\u00f6rner auch zusammen mit in B gestimmten Parforceh\u00f6rnern geblasen. <\/p>\n\n\n\n<h2 class=\"wp-block-heading\" id=\"4-beispiele-\">Beispiele <\/h2>\n\n\n\n<h3 class=\"wp-block-heading\" id=\"5-leitsignale-\">Leitsignale <\/h3>\n\n\n\n<h4 class=\"wp-block-heading\" id=\"6-begr\u00fcssung\">Begr\u00fcssung<\/h4>\n\n\n\n<p><em>Heil Euch M\u00e4nner der gr\u00fcnen Tracht.<br>Der Jagdh\u00f6rner Signal hell klingt es vom Berg bis in das Tal zum frohen Grusse zum Grusse f\u00fcr Euch. <br>Willkommen seid uns, schiest gut, trefft gut Ihr J\u00e4gersleut.<br>Ihr J\u00e4gersleut habt frohen Mut. <br>Ho Ho.<\/em><\/p>\n\n\n\n<figure class=\"wp-block-audio\"><audio controls src=\"https:\/\/jagen.blog\/wp-content\/uploads\/2019\/05\/Begruessung.mp3\"><\/audio><\/figure>\n\n\n\n<h4 class=\"wp-block-heading\" id=\"7-zur-jagd\">Zur Jagd<\/h4>\n\n\n\n<p>\u0086<em>Frisch auf zur Jagd! Vorbei die Nacht lasst uns jetzt jagen!<br>Frisch auf zur Jagd! Vorbei die Nacht lasst uns jetzt jagen!<br>Frisch auf zur Jagd! Vorbei die Nacht lasst uns jetzt jagen!<\/em><\/p>\n\n\n\n<figure class=\"wp-block-audio\"><audio controls src=\"https:\/\/jagen.blog\/wp-content\/uploads\/2019\/05\/Aufbruch_zur_Jagd-1.mp3\"><\/audio><\/figure>\n\n\n\n<h4 class=\"wp-block-heading\" id=\"8-anblasen\">Anblasen<\/h4>\n\n\n\n<p><em>H\u00f6rt alle her!<br>Treiber geht langsam voran!<br>Treiber geht langsam voran!<br>Treiber geht langsam voran!<br>Treiber fangt an!<\/em><\/p>\n\n\n\n<figure class=\"wp-block-audio\"><audio controls src=\"https:\/\/jagen.blog\/wp-content\/uploads\/2019\/05\/Anblasen_des_Treibens.mp3\"><\/audio><\/figure>\n\n\n\n<h4 class=\"wp-block-heading\" id=\"9-das-ganze\">Das Ganze<\/h4>\n\n\n\n<p><strong>Bedeutung<\/strong>: Die J\u00e4ger d\u00fcrfen die Waffen laden und freigegebenes Wild beschiessen. Die Treiber, sofern eingesetzt, beginnen mit ihrer Arbeit.<\/p>\n\n\n\n<p><em>H\u00f6rt alle her! <\/em><\/p>\n\n\n\n<figure class=\"wp-block-audio\"><audio controls src=\"https:\/\/jagen.blog\/wp-content\/uploads\/2019\/05\/Das_Ganze.mp3\"><\/audio><\/figure>\n\n\n\n<h4 class=\"wp-block-heading\" id=\"10-hahn-in-ruh-\">Hahn in Ruh <\/h4>\n\n\n\n<p><strong>Bedeutung<\/strong>: Es darf nicht mehr geschossen werden. Die Waffen m\u00fcssen sofort entladen werden.<\/p>\n\n\n\n<p><em>Hahn in Ruh, Hahn in Ruh! <\/em><\/p>\n\n\n\n<figure class=\"wp-block-audio\"><audio controls src=\"https:\/\/jagen.blog\/wp-content\/uploads\/2019\/05\/Hahn_in_Ruh.mp3\"><\/audio><\/figure>\n\n\n\n<h4 class=\"wp-block-heading\" id=\"11-jagd-vorbei\">Jagd vorbei<\/h4>\n\n\n\n<p><em>Jagd aus, die Jagd aus! <br>Das Jagen ist zu Ende!<br>Halali<\/em><\/p>\n\n\n\n<figure class=\"wp-block-audio\"><audio controls src=\"https:\/\/jagen.blog\/wp-content\/uploads\/2019\/05\/Jagd_vorbei-1.mp3\"><\/audio><\/figure>\n\n\n\n<h4 class=\"wp-block-heading\" id=\"12-treiber-in-den-kessel\">Treiber in den Kessel<\/h4>\n\n\n\n<p><em>Treiber rein, Treiber rein, alle Sch\u00fctzen halt!<\/em><\/p>\n\n\n\n<p>       oder<\/p>\n\n\n\n<p><em>Treiber rein, Treiber rein, Sch\u00fctzen dreht Euch um!<\/em><\/p>\n\n\n\n<figure class=\"wp-block-audio\"><audio controls src=\"https:\/\/jagen.blog\/wp-content\/uploads\/2019\/05\/Treiber_in_den_Kessel.mp3\"><\/audio><\/figure>\n\n\n\n<h4 class=\"wp-block-heading\" id=\"13-laut-treiben\">Laut treiben<\/h4>\n\n\n\n<p>Dieser Text ist uns leider noch nicht bekannt!<\/p>\n\n\n\n<figure class=\"wp-block-audio\"><audio controls src=\"https:\/\/jagen.blog\/wp-content\/uploads\/2019\/05\/Laut_Treiben.mp3\"><\/audio><\/figure>\n\n\n\n<h4 class=\"wp-block-heading\" id=\"14-stumm-treiben\">Stumm treiben<\/h4>\n\n\n\n<p><em>Treibt leise und still! <\/em><\/p>\n\n\n\n<figure class=\"wp-block-audio\"><audio controls src=\"https:\/\/jagen.blog\/wp-content\/uploads\/2019\/05\/Stumm_treiben.mp3\"><\/audio><\/figure>\n\n\n\n<h4 class=\"wp-block-heading\" id=\"15-sammeln-der-j\u00e4ger\">Sammeln der J\u00e4ger<\/h4>\n\n\n\n<p><em> J\u00e4gersleut versammelt Euch, hab Euch etwas zu sagen! <\/em><\/p>\n\n\n\n<figure class=\"wp-block-audio\"><audio controls src=\"https:\/\/jagen.blog\/wp-content\/uploads\/2019\/05\/Sammeln_der_Jaeger.mp3\"><\/audio><\/figure>\n\n\n\n<h4 class=\"wp-block-heading\" id=\"16-zum-essen\">Zum Essen<\/h4>\n\n\n\n<p><em>Kommt doch herbei, kommt doch herbei J\u00e4ger, Treiber.<br>Kommt doch herbei, kommt doch herbei! Essen gibt\u00b4s jetzt!<br>Erbsensuppe mit fettem Schweinebauch, Erbsensuppe Schnaps gibt es auch!<\/em><\/p>\n\n\n\n<figure class=\"wp-block-audio\"><audio controls src=\"https:\/\/jagen.blog\/wp-content\/uploads\/2019\/05\/Zum_Essen.mp3\"><\/audio><\/figure>\n\n\n\n<h4 class=\"wp-block-heading\" id=\"17-halili\">Halali<\/h4>\n\n\n\n<figure class=\"wp-block-audio\"><audio controls src=\"https:\/\/jagen.blog\/wp-content\/uploads\/2019\/05\/Halali-1.mp3\"><\/audio><\/figure>\n\n\n\n<h2 class=\"wp-block-heading\" id=\"18-totsignale\">Totsignale<\/h2>\n\n\n\n<h4 class=\"wp-block-heading\" id=\"19-hirsch-tot\">Hirsch tot<\/h4>\n\n\n\n<p><em>Hirsch tot! Den edlen Hirsch im tiefen Tann.<br>Nach hoher herrlicher Pursch ich mir gewann.<br>Halali Halali<\/em><\/p>\n\n\n\n<figure class=\"wp-block-audio\"><audio controls src=\"https:\/\/jagen.blog\/wp-content\/uploads\/2019\/05\/Hirsch_tot.mp3\"><\/audio><\/figure>\n\n\n\n<h4 class=\"wp-block-heading\" id=\"20-damwild-tot\">Damwild tot<\/h4>\n\n\n\n<p><em>Den Schaufler traf ich gut, sein Wedel wackelt und zakkelt nicht mehr.<br>Der schwei\u00dfige Bruch schm\u00fcckt den Hut &#8211; Hut.<br>Halali Halali<\/em><\/p>\n\n\n\n<figure class=\"wp-block-audio\"><audio controls src=\"https:\/\/jagen.blog\/wp-content\/uploads\/2019\/05\/Dammhirsch_tot.mp3\"><\/audio><\/figure>\n\n\n\n<h4 class=\"wp-block-heading\" id=\"21-muffel-tot\">Muffel tot<\/h4>\n\n\n\n<p><em>Der Widder tot, der Muffel ist tot. Der Widder tot, der Muffel  ist tot.<br>Rund ist die Schneck, g`sattelt die Deck, wei\u00df ist der Bauch, Spiegel ja auch.<br>Er f\u00e4rbt mit seinem Schwei\u00df das Laub so rot. <br>Halali Halali.<\/em><\/p>\n\n\n\n<figure class=\"wp-block-audio\"><audio controls src=\"https:\/\/jagen.blog\/wp-content\/uploads\/2019\/05\/Muffel_tot.mp3\"><\/audio><\/figure>\n\n\n\n<h4 class=\"wp-block-heading\" id=\"22-gamswild-tot\">Gamswild tot<\/h4>\n\n\n\n<p><em>Joho, holderio! Joho, Gamsbock ist tot!<br>In wilder Flucht durch Fels und Schlucht, so st\u00fcrmte er  t\u00f6dlich getroffen dahin.<br>Nun ward sein Bart von selt`ner Art, mir herrlicher k\u00f6stlicher  Waidmannsgewinn.<br>Halali&nbsp; Halali<\/em><\/p>\n\n\n\n<figure class=\"wp-block-audio\"><audio controls src=\"https:\/\/jagen.blog\/wp-content\/uploads\/2019\/05\/Gams_tot.mp3\"><\/audio><\/figure>\n\n\n\n<h4 class=\"wp-block-heading\" id=\"23-reh-tot\">Reh tot<\/h4>\n\n\n\n<p><em>Bock ist tot, Bock ist tot. Einen Bock den schiess ich gern!<br>Sechs Enden tr\u00e4gt sein Geh\u00f6rn.<br>Halali Halali<\/em><\/p>\n\n\n\n<figure class=\"wp-block-audio\"><audio controls src=\"https:\/\/jagen.blog\/wp-content\/uploads\/2019\/05\/Reh_tot.mp3\"><\/audio><\/figure>\n\n\n\n<h4 class=\"wp-block-heading\" id=\"24-sau-tot\">Sau tot<\/h4>\n\n\n\n<p><em>Gestern Abend schoss ich auf ein grobes Schwein,gestern Abend schoss ich auf`ne Sau.<br>Gestern Abend traf den Keiler ich allein, gestern Abend zielt\u00b4 ich ganz genau!<br>Halali Halali<\/em><\/p>\n\n\n\n<figure class=\"wp-block-audio\"><audio controls src=\"https:\/\/jagen.blog\/wp-content\/uploads\/2019\/05\/Sau_tot.mp3\"><\/audio><\/figure>\n\n\n\n<h4 class=\"wp-block-heading\" id=\"25-fuchs-tot\">Fuchs tot<\/h4>\n\n\n\n<p><em>F\u00fcchslein rot bist jetzt tot! Frech und Keck liegst du heute  auf der Streck`.<br>Alle List zwecklos ist, bist jetzt doch ins Garn gegangen.<br>Der Fuchs ist tot. <br>Halali Halali <\/em><\/p>\n\n\n\n<figure class=\"wp-block-audio\"><audio controls src=\"https:\/\/jagen.blog\/wp-content\/uploads\/2019\/05\/Fuchs_tot.mp3\"><\/audio><\/figure>\n\n\n\n<h4 class=\"wp-block-heading\" id=\"26-hase-tot\">Hase tot<\/h4>\n\n\n\n<p><em>Der Has` ist tot, ist mausetot. Er hat den ganzen Balg voll Schrot.<br>Der Has` ist tot. Der Has` ist tot.<\/em><\/p>\n\n\n\n<figure class=\"wp-block-audio\"><audio controls src=\"https:\/\/jagen.blog\/wp-content\/uploads\/2019\/05\/Hase_tot.mp3\"><\/audio><\/figure>\n\n\n\n<h4 class=\"wp-block-heading\" id=\"27-flugwild-tot\">Flugwild tot<\/h4>\n\n\n\n<p><em>Das Flugwild schnell streicht, der Schrotschuss erreicht  Fasanen und Enten nicht leicht.<br>Das Flugwild schnell streicht, der Schrotschuss erreicht  Fasanen und Enten nicht leicht.<br>Halali Halali<\/em><\/p>\n\n\n\n<figure class=\"wp-block-audio\"><audio controls src=\"https:\/\/jagen.blog\/wp-content\/uploads\/2019\/05\/Flugwild_tot.mp3\"><\/audio><\/figure>\n","protected":false},"excerpt":{"rendered":"<p>Die Jagdhornsignale sind ein fester Bestandteil der Jagdkultur. Heute liegt der Schwerpunkt im jagdlichen Brauchtum. Das Instrument Das F\u00fcrst-Pless-Horn, kurz Plesshorn, ist ein in B gestimmtes Blechblasinstrument und dient als Horn J\u00e4gern zum Anstimmen der Jagdsignale und Fanfaren. Das F\u00fcrst-Pless-Horn wird in verschiedenen Bauausf\u00fchrungen als Jagdgebrauchsinstrument verwendet. Als reines Naturhorn mit einer Rohrl\u00e4nge von ca. [&hellip;]<\/p>\n","protected":false},"author":6,"featured_media":0,"parent":0,"menu_order":4,"comment_status":"closed","ping_status":"closed","template":"","meta":{"ocean_post_layout":"","ocean_both_sidebars_style":"","ocean_both_sidebars_content_width":0,"ocean_both_sidebars_sidebars_width":0,"ocean_sidebar":"0","ocean_second_sidebar":"0","ocean_disable_margins":"enable","ocean_add_body_class":"","ocean_shortcode_before_top_bar":"","ocean_shortcode_after_top_bar":"","ocean_shortcode_before_header":"","ocean_shortcode_after_header":"","ocean_has_shortcode":"","ocean_shortcode_after_title":"","ocean_shortcode_before_footer_widgets":"","ocean_shortcode_after_footer_widgets":"","ocean_shortcode_before_footer_bottom":"","ocean_shortcode_after_footer_bottom":"","ocean_display_top_bar":"default","ocean_display_header":"default","ocean_header_style":"","ocean_center_header_left_menu":"0","ocean_custom_header_template":"0","ocean_custom_logo":0,"ocean_custom_retina_logo":0,"ocean_custom_logo_max_width":0,"ocean_custom_logo_tablet_max_width":0,"ocean_custom_logo_mobile_max_width":0,"ocean_custom_logo_max_height":0,"ocean_custom_logo_tablet_max_height":0,"ocean_custom_logo_mobile_max_height":0,"ocean_header_custom_menu":"0","ocean_menu_typo_font_family":"0","ocean_menu_typo_font_subset":"","ocean_menu_typo_font_size":0,"ocean_menu_typo_font_size_tablet":0,"ocean_menu_typo_font_size_mobile":0,"ocean_menu_typo_font_size_unit":"px","ocean_menu_typo_font_weight":"","ocean_menu_typo_font_weight_tablet":"","ocean_menu_typo_font_weight_mobile":"","ocean_menu_typo_transform":"","ocean_menu_typo_transform_tablet":"","ocean_menu_typo_transform_mobile":"","ocean_menu_typo_line_height":0,"ocean_menu_typo_line_height_tablet":0,"ocean_menu_typo_line_height_mobile":0,"ocean_menu_typo_line_height_unit":"","ocean_menu_typo_spacing":0,"ocean_menu_typo_spacing_tablet":0,"ocean_menu_typo_spacing_mobile":0,"ocean_menu_typo_spacing_unit":"","ocean_menu_link_color":"","ocean_menu_link_color_hover":"","ocean_menu_link_color_active":"","ocean_menu_link_background":"","ocean_menu_link_hover_background":"","ocean_menu_link_active_background":"","ocean_menu_social_links_bg":"","ocean_menu_social_hover_links_bg":"","ocean_menu_social_links_color":"","ocean_menu_social_hover_links_color":"","ocean_disable_title":"default","ocean_disable_heading":"default","ocean_post_title":"","ocean_post_subheading":"","ocean_post_title_style":"","ocean_post_title_background_color":"","ocean_post_title_background":0,"ocean_post_title_bg_image_position":"","ocean_post_title_bg_image_attachment":"","ocean_post_title_bg_image_repeat":"","ocean_post_title_bg_image_size":"","ocean_post_title_height":0,"ocean_post_title_bg_overlay":0.5,"ocean_post_title_bg_overlay_color":"","ocean_disable_breadcrumbs":"default","ocean_breadcrumbs_color":"","ocean_breadcrumbs_separator_color":"","ocean_breadcrumbs_links_color":"","ocean_breadcrumbs_links_hover_color":"","ocean_display_footer_widgets":"default","ocean_display_footer_bottom":"default","ocean_custom_footer_template":"0","footnotes":""},"class_list":["post-690","page","type-page","status-publish","hentry","entry"],"featured_image_urls_v2":{"full":"","thumbnail":"","medium":"","medium_large":"","large":"","1536x1536":"","2048x2048":"","ocean-thumb-m":"","ocean-thumb-ml":"","ocean-thumb-l":""},"post_excerpt_stackable_v2":"<p>Die Jagdhornsignale sind ein fester Bestandteil der Jagdkultur. Heute liegt der Schwerpunkt im jagdlichen Brauchtum. Das Instrument Das F\u00fcrst-Pless-Horn, kurz Plesshorn, ist ein in B gestimmtes Blechblasinstrument und dient als Horn J\u00e4gern zum Anstimmen der Jagdsignale und Fanfaren. Das F\u00fcrst-Pless-Horn wird in verschiedenen Bauausf\u00fchrungen als Jagdgebrauchsinstrument verwendet. Als reines Naturhorn mit einer Rohrl\u00e4nge von ca. 130 cm hat es einen Tonvorrat von normal gebr\u00e4uchlich sieben Naturt\u00f6nen, wobei bis auf wenige Ausnahmen nur die f\u00fcnf tiefsten dieser T\u00f6ne verwendet werden. Der tiefste Ton davon ist der 2. Naturton, der Grundton (1. Naturton) wird nicht verwendet, da er sehr schlecht intoniert. Die&hellip;<\/p>\n","category_list_v2":"","author_info_v2":{"name":"Peter Treier","url":"https:\/\/www.revier67.ch\/solothurn\/author\/peter-treier\/"},"comments_num_v2":"0 comments","jetpack_sharing_enabled":true,"_links":{"self":[{"href":"https:\/\/www.revier67.ch\/solothurn\/wp-json\/wp\/v2\/pages\/690","targetHints":{"allow":["GET"]}}],"collection":[{"href":"https:\/\/www.revier67.ch\/solothurn\/wp-json\/wp\/v2\/pages"}],"about":[{"href":"https:\/\/www.revier67.ch\/solothurn\/wp-json\/wp\/v2\/types\/page"}],"author":[{"embeddable":true,"href":"https:\/\/www.revier67.ch\/solothurn\/wp-json\/wp\/v2\/users\/6"}],"replies":[{"embeddable":true,"href":"https:\/\/www.revier67.ch\/solothurn\/wp-json\/wp\/v2\/comments?post=690"}],"version-history":[{"count":3,"href":"https:\/\/www.revier67.ch\/solothurn\/wp-json\/wp\/v2\/pages\/690\/revisions"}],"predecessor-version":[{"id":699,"href":"https:\/\/www.revier67.ch\/solothurn\/wp-json\/wp\/v2\/pages\/690\/revisions\/699"}],"wp:attachment":[{"href":"https:\/\/www.revier67.ch\/solothurn\/wp-json\/wp\/v2\/media?parent=690"}],"curies":[{"name":"wp","href":"https:\/\/api.w.org\/{rel}","templated":true}]}}