{"id":715,"date":"2021-07-14T10:51:46","date_gmt":"2021-07-14T08:51:46","guid":{"rendered":"https:\/\/www.revier67.ch\/solothurn\/?page_id=715"},"modified":"2025-04-16T11:40:15","modified_gmt":"2025-04-16T09:40:15","slug":"rehkitzrettung-kontakte","status":"publish","type":"page","link":"https:\/\/www.revier67.ch\/solothurn\/rehkitzrettung-kontakte\/","title":{"rendered":"Rehkitzrettung &#8211; Kontakte"},"content":{"rendered":"\n<p class=\"has-text-align-center\">Folgende Personen werden Ihnen gerne weiterhelfen<\/p>\n\n\n\n<div class=\"wp-block-ugb-team-member ugb-team-member ugb-e862c02 ugb-team-member--v3 ugb-team-member--design-basic ugb-team-member--columns-2 ugb-main-block\"><style>.ugb-e862c02 .ugb-team-member__item{border-style:solid !important;border-color:#000000 !important;border-top-width:1px !important;border-right-width:1px !important;border-bottom-width:1px !important;border-left-width:1px !important}.ugb-e862c02 .ugb-img{-webkit-mask-image:url('data:image\/svg+xml;base64,PHN2ZyB4bWxucz0iaHR0cDovL3d3dy53My5vcmcvMjAwMC9zdmciIHZpZXdCb3g9IjAgMCAxMDAgMTAwIj48Y2lyY2xlIGN4PSI1MCIgY3k9IjUwIiByPSI1MCI+PC9jaXJjbGU+PC9zdmc+');mask-image:url('data:image\/svg+xml;base64,PHN2ZyB4bWxucz0iaHR0cDovL3d3dy53My5vcmcvMjAwMC9zdmciIHZpZXdCb3g9IjAgMCAxMDAgMTAwIj48Y2lyY2xlIGN4PSI1MCIgY3k9IjUwIiByPSI1MCI+PC9jaXJjbGU+PC9zdmc+')}.ugb-e862c02 .ugb-img,.ugb-e862c02 .ugb-team-member__image{margin-left:auto !important;margin-right:auto !important}.ugb-e862c02 .ugb-team-member__name{text-align:center !important}.ugb-e862c02 .ugb-team-member__position{text-align:center !important}.ugb-e862c02 .ugb-team-member__description{text-align:center !important}.ugb-e862c02 .ugb-inner-block{text-align:center}<\/style><div class=\"ugb-inner-block\"><div class=\"ugb-block-content\"><div class=\"ugb-team-member__item ugb-team-member__item1\"><div class=\"ugb-team-member__image\"><img data-recalc-dims=\"1\" fetchpriority=\"high\" decoding=\"async\" width=\"900\" height=\"900\" class=\"ugb-img wp-image-722 ugb-img--shape\" src=\"https:\/\/i0.wp.com\/www.revier67.ch\/solothurn\/wp-content\/uploads\/2021\/07\/kisspng-logo-person-user-person-icon-5b4d2bd2236ca6.6010202115317841461451.jpg?resize=900%2C900&#038;ssl=1\" alt=\"Peter Tschabold\" title=\"\" srcset=\"https:\/\/i0.wp.com\/www.revier67.ch\/solothurn\/wp-content\/uploads\/2021\/07\/kisspng-logo-person-user-person-icon-5b4d2bd2236ca6.6010202115317841461451.jpg?w=900&amp;ssl=1 900w, https:\/\/i0.wp.com\/www.revier67.ch\/solothurn\/wp-content\/uploads\/2021\/07\/kisspng-logo-person-user-person-icon-5b4d2bd2236ca6.6010202115317841461451.jpg?resize=300%2C300&amp;ssl=1 300w, https:\/\/i0.wp.com\/www.revier67.ch\/solothurn\/wp-content\/uploads\/2021\/07\/kisspng-logo-person-user-person-icon-5b4d2bd2236ca6.6010202115317841461451.jpg?resize=150%2C150&amp;ssl=1 150w, https:\/\/i0.wp.com\/www.revier67.ch\/solothurn\/wp-content\/uploads\/2021\/07\/kisspng-logo-person-user-person-icon-5b4d2bd2236ca6.6010202115317841461451.jpg?resize=768%2C768&amp;ssl=1 768w\" sizes=\"(max-width: 900px) 100vw, 900px\" \/><\/div><div class=\"ugb-team-member__content\"><div class=\"ugb-team-member__title\"><h4 class=\"ugb-team-member__name\">Peter Tschabold<\/h4><p class=\"ugb-team-member__position\">Jagdleiter<\/p><\/div><p class=\"ugb-team-member__description\">079 355 10 48<\/p><\/div><\/div><div class=\"ugb-team-member__item ugb-team-member__item2\"><div class=\"ugb-team-member__image\"><img data-recalc-dims=\"1\" decoding=\"async\" width=\"900\" height=\"900\" class=\"ugb-img wp-image-722 ugb-img--shape\" src=\"https:\/\/i0.wp.com\/www.revier67.ch\/solothurn\/wp-content\/uploads\/2021\/07\/kisspng-logo-person-user-person-icon-5b4d2bd2236ca6.6010202115317841461451.jpg?resize=900%2C900&#038;ssl=1\" alt=\"Peter Treier\" title=\"\" srcset=\"https:\/\/i0.wp.com\/www.revier67.ch\/solothurn\/wp-content\/uploads\/2021\/07\/kisspng-logo-person-user-person-icon-5b4d2bd2236ca6.6010202115317841461451.jpg?w=900&amp;ssl=1 900w, https:\/\/i0.wp.com\/www.revier67.ch\/solothurn\/wp-content\/uploads\/2021\/07\/kisspng-logo-person-user-person-icon-5b4d2bd2236ca6.6010202115317841461451.jpg?resize=300%2C300&amp;ssl=1 300w, https:\/\/i0.wp.com\/www.revier67.ch\/solothurn\/wp-content\/uploads\/2021\/07\/kisspng-logo-person-user-person-icon-5b4d2bd2236ca6.6010202115317841461451.jpg?resize=150%2C150&amp;ssl=1 150w, https:\/\/i0.wp.com\/www.revier67.ch\/solothurn\/wp-content\/uploads\/2021\/07\/kisspng-logo-person-user-person-icon-5b4d2bd2236ca6.6010202115317841461451.jpg?resize=768%2C768&amp;ssl=1 768w\" sizes=\"(max-width: 900px) 100vw, 900px\" \/><\/div><div class=\"ugb-team-member__content\"><div class=\"ugb-team-member__title\"><h4 class=\"ugb-team-member__name\">Peter Treier<\/h4><p class=\"ugb-team-member__position\">Jagdaufsicht<\/p><\/div><p class=\"ugb-team-member__description\">079 415 32 73<\/p><\/div><\/div><\/div><\/div><\/div>\n\n\n\n<h2 class=\"wp-block-heading\">Eine Bitte der Piloten<\/h2>\n\n\n\n<p>Viele Kitze sind beim Abfliegen der Wiesen bereits mobil und springen ab. Es ist aber wahrscheinlich, dass sie bereits nach kurzer Zeit wieder an den vermeintlich sicheren Ort zur\u00fcckkehren oder von der Mutter zur\u00fcckgef\u00fchrt werden. Damit das Verm\u00e4hen bestm\u00f6glich verhindert wird, sollte unbedingt <strong>gleich am Anschluss an die Suche gem\u00e4ht werden<\/strong>. Wir bitten euch, dies f\u00fcr eure Planung zu ber\u00fccksichtigen.<\/p>\n\n\n\n<p>Da die Parzellen in unserem Gebiet oft sehr klein und verwinkelt sind, haben einige Landwirte damit begonnen, dem Piloten vor dem Flug einen Kartenausschnitt per Mail oder WhatsApp zu schicken. Dies ist uns eine grosse Hilfe&#8230;<\/p>\n\n\n\n<h2 class=\"wp-block-heading\">Planung der Fl\u00fcge<\/h2>\n\n\n\n<p>Folgende Angaben sollten wenn m\u00f6glich fr\u00fchzeitig am Vortag (optimal w\u00e4re vor 17 Uhr) bei uns verf\u00fcgbar sein: <\/p>\n\n\n\n<ul class=\"wp-block-list\">\n<li>Datum und gew\u00fcnschte Flugzeit<\/li>\n\n\n\n<li>GeoID oder Plan\/Skizze\/Beschreibung der Parzelle die abgeflogen werden soll<\/li>\n<\/ul>\n\n\n\n<h2 class=\"wp-block-heading\">Wichtig<\/h2>\n\n\n\n<p>Aufgrund der gew\u00fcnschten Flugzeiten und der Lage der Parzellen zueinander erstellt der Pilot einen m\u00f6glichst effizienten Tagesplan. Dies ist vor allem in den Stosszeiten nicht immer einfach. Bitte habt Verst\u00e4ndnis, wenn die gew\u00fcnschte Flugzeit manchmal nicht genau eingehalten werden kann.<\/p>\n\n\n\n<p>Besten Dank f\u00fcr eine erfolgreiche Zusammenarbeit<br>Die Piloten<\/p>\n\n\n\n<p>Weitere Informationen findet man hier: <a href=\"https:\/\/so.ch\/fileadmin\/internet\/vwd\/vwd-alw\/pdfs\/DZ\/Konzept_Rehkitzrettung_mit_Drohnen.pdf\" target=\"_blank\" rel=\"noreferrer noopener\">Konzept Rehkitzrettung mit Drohnen Kanton Solothurn<\/a><\/p>\n\n\n\n<p><\/p>\n","protected":false},"excerpt":{"rendered":"<p>Folgende Personen werden Ihnen gerne weiterhelfen Peter Tschabold Jagdleiter 079 355 10 48 Peter Treier Jagdaufsicht 079 415 32 73 Eine Bitte der Piloten Viele Kitze sind beim Abfliegen der Wiesen bereits mobil und springen ab. Es ist aber wahrscheinlich, dass sie bereits nach kurzer Zeit wieder an den vermeintlich sicheren Ort zur\u00fcckkehren oder von [&hellip;]<\/p>\n","protected":false},"author":6,"featured_media":0,"parent":0,"menu_order":11,"comment_status":"closed","ping_status":"closed","template":"","meta":{"ocean_post_layout":"","ocean_both_sidebars_style":"","ocean_both_sidebars_content_width":0,"ocean_both_sidebars_sidebars_width":0,"ocean_sidebar":"0","ocean_second_sidebar":"0","ocean_disable_margins":"enable","ocean_add_body_class":"","ocean_shortcode_before_top_bar":"","ocean_shortcode_after_top_bar":"","ocean_shortcode_before_header":"","ocean_shortcode_after_header":"","ocean_has_shortcode":"","ocean_shortcode_after_title":"","ocean_shortcode_before_footer_widgets":"","ocean_shortcode_after_footer_widgets":"","ocean_shortcode_before_footer_bottom":"","ocean_shortcode_after_footer_bottom":"","ocean_display_top_bar":"default","ocean_display_header":"default","ocean_header_style":"","ocean_center_header_left_menu":"0","ocean_custom_header_template":"0","ocean_custom_logo":0,"ocean_custom_retina_logo":0,"ocean_custom_logo_max_width":0,"ocean_custom_logo_tablet_max_width":0,"ocean_custom_logo_mobile_max_width":0,"ocean_custom_logo_max_height":0,"ocean_custom_logo_tablet_max_height":0,"ocean_custom_logo_mobile_max_height":0,"ocean_header_custom_menu":"0","ocean_menu_typo_font_family":"0","ocean_menu_typo_font_subset":"","ocean_menu_typo_font_size":0,"ocean_menu_typo_font_size_tablet":0,"ocean_menu_typo_font_size_mobile":0,"ocean_menu_typo_font_size_unit":"px","ocean_menu_typo_font_weight":"","ocean_menu_typo_font_weight_tablet":"","ocean_menu_typo_font_weight_mobile":"","ocean_menu_typo_transform":"","ocean_menu_typo_transform_tablet":"","ocean_menu_typo_transform_mobile":"","ocean_menu_typo_line_height":0,"ocean_menu_typo_line_height_tablet":0,"ocean_menu_typo_line_height_mobile":0,"ocean_menu_typo_line_height_unit":"","ocean_menu_typo_spacing":0,"ocean_menu_typo_spacing_tablet":0,"ocean_menu_typo_spacing_mobile":0,"ocean_menu_typo_spacing_unit":"","ocean_menu_link_color":"","ocean_menu_link_color_hover":"","ocean_menu_link_color_active":"","ocean_menu_link_background":"","ocean_menu_link_hover_background":"","ocean_menu_link_active_background":"","ocean_menu_social_links_bg":"","ocean_menu_social_hover_links_bg":"","ocean_menu_social_links_color":"","ocean_menu_social_hover_links_color":"","ocean_disable_title":"default","ocean_disable_heading":"default","ocean_post_title":"","ocean_post_subheading":"","ocean_post_title_style":"","ocean_post_title_background_color":"","ocean_post_title_background":0,"ocean_post_title_bg_image_position":"","ocean_post_title_bg_image_attachment":"","ocean_post_title_bg_image_repeat":"","ocean_post_title_bg_image_size":"","ocean_post_title_height":0,"ocean_post_title_bg_overlay":0.5,"ocean_post_title_bg_overlay_color":"","ocean_disable_breadcrumbs":"default","ocean_breadcrumbs_color":"","ocean_breadcrumbs_separator_color":"","ocean_breadcrumbs_links_color":"","ocean_breadcrumbs_links_hover_color":"","ocean_display_footer_widgets":"default","ocean_display_footer_bottom":"default","ocean_custom_footer_template":"0","footnotes":""},"class_list":["post-715","page","type-page","status-publish","hentry","entry"],"featured_image_urls_v2":{"full":"","thumbnail":"","medium":"","medium_large":"","large":"","1536x1536":"","2048x2048":"","ocean-thumb-m":"","ocean-thumb-ml":"","ocean-thumb-l":""},"post_excerpt_stackable_v2":"<p>Folgende Personen werden Ihnen gerne weiterhelfen Peter TschaboldJagdleiter079 355 10 48Peter TreierJagdaufsicht079 415 32 73 Eine Bitte der Piloten Viele Kitze sind beim Abfliegen der Wiesen bereits mobil und springen ab. Es ist aber wahrscheinlich, dass sie bereits nach kurzer Zeit wieder an den vermeintlich sicheren Ort zur\u00fcckkehren oder von der Mutter zur\u00fcckgef\u00fchrt werden. Damit das Verm\u00e4hen bestm\u00f6glich verhindert wird, sollte unbedingt gleich am Anschluss an die Suche gem\u00e4ht werden. Wir bitten euch, dies f\u00fcr eure Planung zu ber\u00fccksichtigen. Da die Parzellen in unserem Gebiet oft sehr klein und verwinkelt sind, haben einige Landwirte damit begonnen, dem Piloten vor dem&hellip;<\/p>\n","category_list_v2":"","author_info_v2":{"name":"Peter Treier","url":"https:\/\/www.revier67.ch\/solothurn\/author\/peter-treier\/"},"comments_num_v2":"0 comments","jetpack_sharing_enabled":true,"_links":{"self":[{"href":"https:\/\/www.revier67.ch\/solothurn\/wp-json\/wp\/v2\/pages\/715","targetHints":{"allow":["GET"]}}],"collection":[{"href":"https:\/\/www.revier67.ch\/solothurn\/wp-json\/wp\/v2\/pages"}],"about":[{"href":"https:\/\/www.revier67.ch\/solothurn\/wp-json\/wp\/v2\/types\/page"}],"author":[{"embeddable":true,"href":"https:\/\/www.revier67.ch\/solothurn\/wp-json\/wp\/v2\/users\/6"}],"replies":[{"embeddable":true,"href":"https:\/\/www.revier67.ch\/solothurn\/wp-json\/wp\/v2\/comments?post=715"}],"version-history":[{"count":12,"href":"https:\/\/www.revier67.ch\/solothurn\/wp-json\/wp\/v2\/pages\/715\/revisions"}],"predecessor-version":[{"id":3442,"href":"https:\/\/www.revier67.ch\/solothurn\/wp-json\/wp\/v2\/pages\/715\/revisions\/3442"}],"wp:attachment":[{"href":"https:\/\/www.revier67.ch\/solothurn\/wp-json\/wp\/v2\/media?parent=715"}],"curies":[{"name":"wp","href":"https:\/\/api.w.org\/{rel}","templated":true}]}}