{"id":735,"date":"2021-08-11T15:48:41","date_gmt":"2021-08-11T13:48:41","guid":{"rendered":"https:\/\/www.revier67.ch\/solothurn\/?page_id=735"},"modified":"2021-08-11T15:48:42","modified_gmt":"2021-08-11T13:48:42","slug":"der-rotmilan","status":"publish","type":"page","link":"https:\/\/www.revier67.ch\/solothurn\/die-jagd\/unsere-voegel\/der-rotmilan\/","title":{"rendered":"Der Rotmilan"},"content":{"rendered":"\n<blockquote class=\"wp-block-quote is-layout-flow wp-block-quote-is-layout-flow\"><p>Der Rotmilan ist ein grosser, rostroter Greifvogel, der elegant am Himmel segelt. Er ist leicht an seinem gegabelten Schwanz zu erkennen, weswegen er im Volksmund auch Gabelweihe genannt wird.<\/p><\/blockquote>\n\n\n\n<div class=\"wp-block-image\"><figure class=\"aligncenter size-large\"><a href=\"https:\/\/i0.wp.com\/jagen.blog\/wp-content\/uploads\/2021\/05\/red-kite-in-flight-5213965_1920.jpg?ssl=1\"><img data-recalc-dims=\"1\" height=\"842\" width=\"1024\" decoding=\"async\" src=\"https:\/\/i0.wp.com\/jagen.blog\/wp-content\/uploads\/2021\/05\/red-kite-in-flight-5213965_1920-1024x842.jpg?resize=1024%2C842&#038;ssl=1\" alt=\"Rotmilan\" class=\"wp-image-7630\"\/><\/a><figcaption>Rotmilan im Flug<\/figcaption><\/figure><\/div>\n\n\n\n<p>Es ist ein wunderbarer Anblick, wenn man an einem Fr\u00fchsommer Abend den Rotmilan seine Kreise ziehen sieht. Ein majest\u00e4tischer Greifvogel mit beachtlicher Fl\u00fcgelspannweite.<\/p>\n\n\n<div class=\"su-accordion su-u-trim\">\n\n\n<div class=\"su-spoiler su-spoiler-style-default su-spoiler-icon-plus su-spoiler-closed\" data-scroll-offset=\"0\" data-anchor-in-url=\"no\"><div class=\"su-spoiler-title\" tabindex=\"0\" role=\"button\"><span class=\"su-spoiler-icon\"><\/span>Steckbrief<\/div><div class=\"su-spoiler-content su-u-clearfix su-u-trim\">\n\n\n\n<div class=\"wp-block-group\"><div class=\"wp-block-group__inner-container is-layout-flow wp-block-group-is-layout-flow\">\n<figure class=\"wp-block-table is-style-stripes\"><table class=\"has-fixed-layout\"><tbody><tr><td><strong>Vogelgruppe<\/strong><\/td><td>Habichtartige<\/td><\/tr><tr><td><strong>L\u00e4nge<\/strong><\/td><td>56 &#8211; 73 cm<\/td><\/tr><tr><td><strong>Spannweite <\/strong><\/td><td>140 &#8211; 165 cm<\/td><\/tr><tr><td><strong>Gewicht<\/strong><\/td><td>750 &#8211; 1300g<\/td><\/tr><tr><td><strong>Brutort<\/strong><\/td><td>B\u00e4ume<\/td><\/tr><tr><td><strong>Brutdauer <\/strong><\/td><td>30 Tage<\/td><\/tr><tr><td><strong>Jahresbruten<\/strong><\/td><td>1<\/td><\/tr><tr><td><strong>Gelegegr\u00f6sse<\/strong><\/td><td>2 &#8211; 3<\/td><\/tr><tr><td><strong>Nestlingsdauer \/ Flugf\u00e4higkeit<\/strong><\/td><td>50 &#8211; 55 Tage<\/td><\/tr><tr><td><strong>H\u00f6chstalter EURING<\/strong><\/td><td>25 Jahre 8 Monate<\/td><\/tr><tr><td><strong>H\u00f6chstalter CH<\/strong><\/td><td>25 Jahre 8 Monate<\/td><\/tr><tr><td><\/td><td><\/td><\/tr><\/tbody><\/table><\/figure>\n<\/div><\/div>\n\n\n<\/div><\/div>\n\n\n<div class=\"su-spoiler su-spoiler-style-default su-spoiler-icon-plus su-spoiler-closed\" data-scroll-offset=\"0\" data-anchor-in-url=\"no\"><div class=\"su-spoiler-title\" tabindex=\"0\" role=\"button\"><span class=\"su-spoiler-icon\"><\/span>Verbreitung<\/div><div class=\"su-spoiler-content su-u-clearfix su-u-trim\">\n\n\n\n<figure class=\"wp-block-image size-large\"><a href=\"https:\/\/i0.wp.com\/jagen.blog\/wp-content\/uploads\/2021\/05\/Karte_Vorkommen_2013-16_Rotmilan_Schweizerische-Vogelwarte-scaled.jpg?ssl=1\"><img data-recalc-dims=\"1\" height=\"724\" width=\"1024\" decoding=\"async\" src=\"https:\/\/i0.wp.com\/jagen.blog\/wp-content\/uploads\/2021\/05\/Karte_Vorkommen_2013-16_Rotmilan_Schweizerische-Vogelwarte-1024x724.jpg?resize=1024%2C724&#038;ssl=1\" alt=\"\" class=\"wp-image-7635\"\/><\/a><\/figure>\n\n\n<\/div><\/div>\n\n\n<div class=\"su-spoiler su-spoiler-style-default su-spoiler-icon-plus su-spoiler-closed\" data-scroll-offset=\"0\" data-anchor-in-url=\"no\"><div class=\"su-spoiler-title\" tabindex=\"0\" role=\"button\"><span class=\"su-spoiler-icon\"><\/span>Kurzbeschreibung<\/div><div class=\"su-spoiler-content su-u-clearfix su-u-trim\">\n\n\n\n<p>Der Rotmilan ist nach Bartgeier und Steinadler der drittgr\u00f6sste einheimische Greifvogel. Die V\u00f6gel k\u00f6nnen stundenlang auf ihren schmalen, langen Fl\u00fcgeln kreisen und steuern dabei unabl\u00e4ssig mit dem langen Gabelschwanz. Zur Balzzeit vollf\u00fchren die Paare richtige Kunstfl\u00fcge und \u00e4ussern h\u00e4ufig ein wieherndes Trillern. Der Rotmilan hat sich bei uns in den letzten Jahrzehnten deutlich ausbreiten k\u00f6nnen. Der Schweizer Brutbestand ist zunehmend von internationaler Bedeutung, denn in vielen Regionen Europas sind die Vorkommen r\u00fcckl\u00e4ufig.<\/p>\n\n\n<\/div><\/div>\n\n\n<div class=\"su-spoiler su-spoiler-style-default su-spoiler-icon-plus su-spoiler-closed\" data-scroll-offset=\"0\" data-anchor-in-url=\"no\"><div class=\"su-spoiler-title\" tabindex=\"0\" role=\"button\"><span class=\"su-spoiler-icon\"><\/span>Merkmale<\/div><div class=\"su-spoiler-content su-u-clearfix su-u-trim\">\n\n\n\n<ul class=\"wp-block-list\"><li>rostbraunes Gefieder mit gestreiftem, hellem Kopf<\/li><li>verh\u00e4ltnism\u00e4ssig schmale Fl\u00fcgel, beim Gleiten nach hinten angewinkelt<\/li><li>stark gegabelter Schwanz<\/li><li>schl\u00e4gt mit den Fl\u00fcgeln tief nach unten, weshalb sein Flug elegant und geschmeidig wirkt<\/li><li>beide Geschlechter gleich<\/li><\/ul>\n\n\n\n<h3 class=\"wp-block-heading\">Flugbild<\/h3>\n\n\n\n<div class=\"wp-block-image\"><figure class=\"aligncenter size-large\"><a href=\"https:\/\/i0.wp.com\/jagen.blog\/wp-content\/uploads\/2021\/05\/rotmilan-flugbild-merkmale-1.jpg?ssl=1\"><img data-recalc-dims=\"1\" decoding=\"async\" src=\"https:\/\/i0.wp.com\/jagen.blog\/wp-content\/uploads\/2021\/05\/rotmilan-flugbild-merkmale-1.jpg?w=1200&#038;ssl=1\" alt=\"\" class=\"wp-image-7639\"\/><\/a><figcaption>Rotmilan im Flug<\/figcaption><\/figure><\/div>\n\n\n\n<p>Der Rotmilan ist deutlich zu erkennen an seinem stark gegabelten Schwanz und seinem im Flug tief nach unten greifenden Fl\u00fcgeln die seinem Flugbild etwas sehr geschmeidiges verleiht. Die Unterscheidung zum Schwarzmilan kann relativ einfach am Vorhandensein der hellen Fl\u00fcgelfenster vorgenommen werden.<\/p>\n\n\n\n<p>Um einen Bezug zur Gr\u00f6sse dieses Vogels aufzuzeigen, hier das Bild eines Tieres das im Deutschland gewildert wurde&#8230;<\/p>\n\n\n\n<div class=\"wp-block-image\"><figure class=\"aligncenter size-large\"><a href=\"https:\/\/i0.wp.com\/jagen.blog\/wp-content\/uploads\/2021\/08\/Rotmilan-erschossen.jpg?ssl=1\"><img data-recalc-dims=\"1\" height=\"769\" width=\"1024\" decoding=\"async\" src=\"https:\/\/i0.wp.com\/jagen.blog\/wp-content\/uploads\/2021\/08\/Rotmilan-erschossen-1024x769.jpg?resize=1024%2C769&#038;ssl=1\" alt=\"\" class=\"wp-image-7679\"\/><\/a><figcaption>\u00a9 Biologische Station<\/figcaption><\/figure><\/div>\n\n\n<\/div><\/div>\n\n\n<div class=\"su-spoiler su-spoiler-style-default su-spoiler-icon-plus su-spoiler-closed\" data-scroll-offset=\"0\" data-anchor-in-url=\"no\"><div class=\"su-spoiler-title\" tabindex=\"0\" role=\"button\"><span class=\"su-spoiler-icon\"><\/span>Fortpflanzung<\/div><div class=\"su-spoiler-content su-u-clearfix su-u-trim\">\n\n\n\n<h3 class=\"wp-block-heading\">Horstbau<\/h3>\n\n\n\n<p>Eine Besonderheit des Rotmilans sind seine unordentlichen Nester, denn Rotmilane lieben es, ihr Nest mit allerlei Fundst\u00fccken auszustatten! Vogelkundler fanden neben Plastikt\u00fcten, Unterw\u00e4sche, Arbeitshandschuhen und Tennisb\u00e4llen sogar Pl\u00fcschtiere, die ins Nest eingebaut wurden. Warum die Tiere dieses Verhalten zeigen, ist noch immer unbekannt.<\/p>\n\n\n\n<h3 class=\"wp-block-heading\">Brut<\/h3>\n\n\n\n<p>Rotmilane sind ihrem Partner in der Regel \u00fcber Jahre treu. Auch wenn sie den Winter nicht gemeinsam verbracht haben, treffen sich Weibchen und M\u00e4nnchen am Ende des Winters im Revier wieder. Die gleich danach beginnende Balz mit gemeinsamen Fl\u00fcgen, Futter\u00fcbergaben vom M\u00e4nnchen ans Weibchen und schliesslich dem Ausbau des Nestes stimmt die Partner auf die Brutphase ein. <\/p>\n\n\n\n<p>Zur Brut ben\u00f6tigen die Paare B\u00e4ume ausreichender H\u00f6he zum Nestbau. <br>Brutplatzwechsel sind sehr h\u00e4ufig, weswegen mehrere Nester angelegt und sogar im Wechsel mit anderen Arten genutzt werden. Meist br\u00fcten sie am Rand von W\u00e4ldern oder in Geh\u00f6lzinseln, nur selten tief im Wald. <\/p>\n\n\n\n<p>Die ersten Rotmilane legen ab Ende M\u00e4rz zwei bis drei Eier. Nach ca. 30 Tagen Bebr\u00fctung durch das Weibchen schl\u00fcpfen die K\u00fcken, die bei guter Versorgung rasant wachsen, 50 Tage nach dem Schlupf fl\u00fcgge sind und das Nest verlassen. <\/p>\n\n\n\n<p>Den Grossteil der F\u00fctterung von Weibchen und K\u00fcken \u00fcbernimmt das M\u00e4nnchen. Erst sp\u00e4ter beteiligt sich auch das Weibchen an der Jagd. Daher steht und f\u00e4llt der Bruterfolg von Rotmilanen mit der Nahrungsversorgung.<\/p>\n\n\n\n<p>Die Brut in der Schweiz wird mehr und mehr wichtig, da der Bestand in Europa eher r\u00fcckl\u00e4ufig ist.<\/p>\n\n\n\n<div class=\"wp-block-image\"><figure class=\"aligncenter size-full\"><a href=\"https:\/\/i0.wp.com\/jagen.blog\/wp-content\/uploads\/2021\/08\/Horstsituation_2_Foto_Simon-Thorn.jpg?ssl=1\"><img data-recalc-dims=\"1\" decoding=\"async\" src=\"https:\/\/i0.wp.com\/jagen.blog\/wp-content\/uploads\/2021\/08\/Horstsituation_2_Foto_Simon-Thorn.jpg?w=1200&#038;ssl=1\" alt=\"\" class=\"wp-image-7677\"\/><\/a><figcaption>Rotmilane im Nest \u00a9 Simon Thorn<\/figcaption><\/figure><\/div>\n\n\n<\/div><\/div>\n\n\n<div class=\"su-spoiler su-spoiler-style-default su-spoiler-icon-plus su-spoiler-closed\" data-scroll-offset=\"0\" data-anchor-in-url=\"no\"><div class=\"su-spoiler-title\" tabindex=\"0\" role=\"button\"><span class=\"su-spoiler-icon\"><\/span>Nahrung<\/div><div class=\"su-spoiler-content su-u-clearfix su-u-trim\">\n\n\n\n<p>Rotmilane sind mit ihrer Nahrung nicht w\u00e4hlerisch: Fr\u00fcher war der Feldhamster ihr wichtigstes Beutetier. Heute ist der dieser selten geworden und zur Brutzeit sind Abf\u00e4lle und Aas die wichtigste Nahrungskomponente. Danach folgen V\u00f6gel, dann M\u00e4use, Hasen (als Mahdopfer), Maulw\u00fcrfe und Fische. <\/p>\n\n\n\n<p>Die Greifv\u00f6gel suchen \u00fcber D\u00f6rfern und der offenen Landschaft nach Fleischabf\u00e4llen und nach toten Tieren, pl\u00fcndern Drossel- oder Finkennester, schnappen einen toten Fisch aus dem n\u00e4chsten Gew\u00e4sser und fliegen hinter dem M\u00e4hwerk her, um die Mahdopfer aufzulesen oder sie den Kr\u00e4hen abzujagen. <\/p>\n\n\n\n<p>Rotmilane sammeln also eher, als dass sie aktiv jagen. Besonders morgens stehen sogar Regenw\u00fcrmer auf dem Speiseplan, die sie auf noch taunassen \u00c4ckern auflesen.<br><br>W\u00e4hrend der Brutzeit m\u00fcssen die m\u00e4nnlichen Rotmilane den ganzen Tag aktiv sein, um ausreichend Futter f\u00fcr das Weibchen und die Jungv\u00f6gel herbeizutragen. <br>Erst im Laufe der Brutzeit ver\u00e4ndert sich die Nahrungszusammensetzung: Bevor die Gr\u00fcnlandmahd im sp\u00e4ten Fr\u00fchjahr einsetzt, sind Nestlinge von Singv\u00f6geln besonders wichtig, sp\u00e4ter werden Mahdopfer verf\u00fcgbar. <\/p>\n\n\n\n<p><strong>Beispiel der Beutezusammensetzung (Gewichtsanteile) aus 24 gefilmten Rotmilanbruten in Niedersachsen:<\/strong><\/p>\n\n\n\n<div class=\"wp-block-image\"><figure class=\"aligncenter size-full\"><a href=\"https:\/\/i0.wp.com\/jagen.blog\/wp-content\/uploads\/2021\/08\/Grafik-Nahrungsbestandteile_Bischofberger-et-al.-2019-1-705x626-1.jpg?ssl=1\"><img data-recalc-dims=\"1\" decoding=\"async\" src=\"https:\/\/i0.wp.com\/jagen.blog\/wp-content\/uploads\/2021\/08\/Grafik-Nahrungsbestandteile_Bischofberger-et-al.-2019-1-705x626-1.jpg?w=1200&#038;ssl=1\" alt=\"\" class=\"wp-image-7691\"\/><\/a><figcaption><a href=\"https:\/\/www.rotmilan.org\/wordpress\/wp-content\/uploads\/2019\/11\/Bischofberger-et-al._2019_Vogelwelt_Werden-junge-Rotmilane-satt-\u2013-Nahrungsmengen-und-Nahrungszusammensetzung-in-drei-Regionen-Deutschlands.pdf\" target=\"_blank\" rel=\"noreferrer noopener\">Bischofberger, I. et al. (2019)<\/a><\/figcaption><\/figure><\/div>\n\n\n<\/div><\/div>\n\n\n<div class=\"su-spoiler su-spoiler-style-default su-spoiler-icon-plus su-spoiler-closed\" data-scroll-offset=\"0\" data-anchor-in-url=\"no\"><div class=\"su-spoiler-title\" tabindex=\"0\" role=\"button\"><span class=\"su-spoiler-icon\"><\/span>Zugverhalten<\/div><div class=\"su-spoiler-content su-u-clearfix su-u-trim\">\n\n\n\n<p>Der Rotmilan ist ein Zugvogel \u2013 ab Oktober bricht er in w\u00e4rmere L\u00e4nder auf. F\u00fcr den Zug in die Winterquartiere ben\u00f6tigen die eleganten Thermiksegler rund zwei Wochen, in denen sie t\u00e4glich Strecken von 50 bis 200 km zur\u00fccklegen. <br>Auf dem Zug kommen Rotmilane oft zu grossen Schlafgemeinschaften zusammen. <\/p>\n\n\n\n<p class=\"wp-block-coblocks-highlight\"><mark class=\"wp-block-coblocks-highlight__content\"><strong>Auff\u00e4llig ist<\/strong>: Verbrachten fr\u00fcher noch sehr viele Rotmilane den Winter auf der Iberischen Halbinsel, so nimmt die Zahl der in Mitteleuropa und S\u00fcdfrankreich \u00fcberwinternden V\u00f6gel stetig zu. <\/mark><\/p>\n\n\n\n<p>In der Schweiz \u00fcberwintern regelm\u00e4ssig 1.500 bis 1.800 Tiere. Aber auch Grossbritannien, wo die Art durch Wiederansiedlungsprojekte im Aufwind ist, Deutschland, Tschechien, Schweden und Italien werden immer beliebter als \u00dcberwitterungs-Ziel. Die heimischen Rotmilane kommen im M\u00e4rz nach und nach zur\u00fcck und besetzen hier ihre gewohnten Brutreviere.<\/p>\n\n\n<\/div><\/div>\n\n\n<div class=\"su-spoiler su-spoiler-style-default su-spoiler-icon-plus su-spoiler-closed\" data-scroll-offset=\"0\" data-anchor-in-url=\"no\"><div class=\"su-spoiler-title\" tabindex=\"0\" role=\"button\"><span class=\"su-spoiler-icon\"><\/span>Lebensraum<\/div><div class=\"su-spoiler-content su-u-clearfix su-u-trim\">\n\n\n\n<p>Rotmilane sind typische Bewohner der offenen Landschaft, ben\u00f6tigen aber ein Mosaik aus unterschiedlich bewirtschafteten Fl\u00e4chen und bewaldeten Gebieten. \u00dcber \u00c4ckern und auf Wiesen und Weiden, also Gr\u00fcnland, suchen sie nach Beutetieren. <br>Auch \u00fcber kleinen Siedlungen und D\u00f6rfern und sogar \u00fcber Autobahnen kann man sie manchmal auf der Suche nach Fressbarem segeln sehen, denn auch Aas und Abf\u00e4lle verschm\u00e4hen Rotmilane nicht.<\/p>\n\n\n<\/div><\/div>\n\n\n<div class=\"su-spoiler su-spoiler-style-default su-spoiler-icon-plus su-spoiler-closed\" data-scroll-offset=\"0\" data-anchor-in-url=\"no\"><div class=\"su-spoiler-title\" tabindex=\"0\" role=\"button\"><span class=\"su-spoiler-icon\"><\/span>Stimme<\/div><div class=\"su-spoiler-content su-u-clearfix su-u-trim\">\n\n\n\n<figure class=\"wp-block-audio\"><audio controls src=\"https:\/\/jagen.blog\/wp-content\/uploads\/2021\/08\/1090.mp3\"><\/audio><\/figure>\n\n\n<\/div><\/div>\n\n\n<div class=\"su-spoiler su-spoiler-style-default su-spoiler-icon-plus su-spoiler-closed\" data-scroll-offset=\"0\" data-anchor-in-url=\"no\"><div class=\"su-spoiler-title\" tabindex=\"0\" role=\"button\"><span class=\"su-spoiler-icon\"><\/span>Bestand<\/div><div class=\"su-spoiler-content su-u-clearfix su-u-trim\">\n\n\n\n<p>In der Schweiz ca 2\u2019800-3\u2019500 Paare, der Bestand ist nicht gef\u00e4hrdet aber der Rotmilan wird gef\u00f6rdert.<\/p>\n\n\n\n<p>Die Folgende Grafik von der Vogelwarte Sempach zeigt die Entwicklung des Brutbestandes in der Schweiz. Die Grafik zeigt die relative Entwicklung in der Schweiz (100=Mittelwert).<\/p>\n\n\n\n<figure class=\"wp-block-image size-full\"><a href=\"https:\/\/i0.wp.com\/jagen.blog\/wp-content\/uploads\/2021\/08\/Brutbestandsindex.png?ssl=1\"><img data-recalc-dims=\"1\" decoding=\"async\" src=\"https:\/\/i0.wp.com\/jagen.blog\/wp-content\/uploads\/2021\/08\/Brutbestandsindex.png?w=1200&#038;ssl=1\" alt=\"\" class=\"wp-image-7685\"\/><\/a><figcaption>Quelle: Vogelwarte Sempach<\/figcaption><\/figure>\n\n\n<\/div><\/div>\n\n\n<div class=\"su-spoiler su-spoiler-style-default su-spoiler-icon-plus su-spoiler-closed\" data-scroll-offset=\"0\" data-anchor-in-url=\"no\"><div class=\"su-spoiler-title\" tabindex=\"0\" role=\"button\"><span class=\"su-spoiler-icon\"><\/span>Bedrohungen<\/div><div class=\"su-spoiler-content su-u-clearfix su-u-trim\">\n\n\n\n<p>Durch die Intensivierung der Landwirtschaft hat der Rotmilan Probleme, ausreichend Nachwuchs gross zu ziehen, weil immer mehr Gr\u00fcnland und Brachen f\u00fcr seine Nahrungssuche wegfallen. Eine weitere Bedrohung ist die Windenergie &#8211; immer mehr Rotmilane fallen den Rotoren der Anlagen zum Opfer!<\/p>\n\n\n\n<h3 class=\"wp-block-heading\">Zur Brutzeit<\/h3>\n\n\n\n<p>Wie alle V\u00f6gel sind auch die Rotmilane w\u00e4hrend der Brutzeit sehr st\u00f6rungsempfindlich. Aus diesem Grund sollte w\u00e4hrend der Brutzeit von April bis Ende Juli auf St\u00f6rungen verzichtet werden, dies betrifft insbesondere Forstarbeiten.<\/p>\n\n\n\n<h3 class=\"wp-block-heading\">Intensive Landwirtschaft<\/h3>\n\n\n\n<p>In den letzten Jahrzehnten hat sich der Lebensraum des Rotmilans stark gewandelt. <\/p>\n\n\n\n<p>Hohe D\u00fcngergaben, der Einsatz von Chemie gegen Unkraut und Nagetiere sowie technischer Fortschritt bewirken, dass die Kulturen bereits im Fr\u00fchjahr dicht und schnell aufwachsen.<\/p>\n\n\n\n<p>Ein weiteres Problem ist der Verlust der Anbauvielfalt. Ganze Landstriche bestehen heute oft nur noch aus ein oder zwei Kulturen. Bei der Suche nach Nahrung treffen Rotmilane somit auf einen dichten Teppich aus Getreide oder Raps, der ihnen die Beutesuche erschwert.<\/p>\n\n\n\n<div class=\"wp-block-image\"><figure class=\"aligncenter size-full\"><a href=\"https:\/\/i0.wp.com\/jagen.blog\/wp-content\/uploads\/2021\/08\/media.media_.760ef48e-ae36-492c-aecb-afab6caef455.original1024.jpg?ssl=1\"><img data-recalc-dims=\"1\" decoding=\"async\" src=\"https:\/\/i0.wp.com\/jagen.blog\/wp-content\/uploads\/2021\/08\/media.media_.760ef48e-ae36-492c-aecb-afab6caef455.original1024.jpg?w=1200&#038;ssl=1\" alt=\"\" class=\"wp-image-7693\"\/><\/a><figcaption>Foto: dpa\/Julian Stratenschulte<\/figcaption><\/figure><\/div>\n\n\n<\/div><\/div>\n<\/div>","protected":false},"excerpt":{"rendered":"<p>Der Rotmilan ist ein grosser, rostroter Greifvogel, der elegant am Himmel segelt. Er ist leicht an seinem gegabelten Schwanz zu erkennen, weswegen er im Volksmund auch Gabelweihe genannt wird. Es ist ein wunderbarer Anblick, wenn man an einem Fr\u00fchsommer Abend den Rotmilan seine Kreise ziehen sieht. Ein majest\u00e4tischer Greifvogel mit beachtlicher Fl\u00fcgelspannweite.<\/p>\n","protected":false},"author":6,"featured_media":0,"parent":733,"menu_order":0,"comment_status":"closed","ping_status":"closed","template":"","meta":{"ocean_post_layout":"","ocean_both_sidebars_style":"","ocean_both_sidebars_content_width":0,"ocean_both_sidebars_sidebars_width":0,"ocean_sidebar":"0","ocean_second_sidebar":"0","ocean_disable_margins":"enable","ocean_add_body_class":"","ocean_shortcode_before_top_bar":"","ocean_shortcode_after_top_bar":"","ocean_shortcode_before_header":"","ocean_shortcode_after_header":"","ocean_has_shortcode":"","ocean_shortcode_after_title":"","ocean_shortcode_before_footer_widgets":"","ocean_shortcode_after_footer_widgets":"","ocean_shortcode_before_footer_bottom":"","ocean_shortcode_after_footer_bottom":"","ocean_display_top_bar":"default","ocean_display_header":"default","ocean_header_style":"","ocean_center_header_left_menu":"0","ocean_custom_header_template":"0","ocean_custom_logo":0,"ocean_custom_retina_logo":0,"ocean_custom_logo_max_width":0,"ocean_custom_logo_tablet_max_width":0,"ocean_custom_logo_mobile_max_width":0,"ocean_custom_logo_max_height":0,"ocean_custom_logo_tablet_max_height":0,"ocean_custom_logo_mobile_max_height":0,"ocean_header_custom_menu":"0","ocean_menu_typo_font_family":"0","ocean_menu_typo_font_subset":"","ocean_menu_typo_font_size":0,"ocean_menu_typo_font_size_tablet":0,"ocean_menu_typo_font_size_mobile":0,"ocean_menu_typo_font_size_unit":"px","ocean_menu_typo_font_weight":"","ocean_menu_typo_font_weight_tablet":"","ocean_menu_typo_font_weight_mobile":"","ocean_menu_typo_transform":"","ocean_menu_typo_transform_tablet":"","ocean_menu_typo_transform_mobile":"","ocean_menu_typo_line_height":0,"ocean_menu_typo_line_height_tablet":0,"ocean_menu_typo_line_height_mobile":0,"ocean_menu_typo_line_height_unit":"","ocean_menu_typo_spacing":0,"ocean_menu_typo_spacing_tablet":0,"ocean_menu_typo_spacing_mobile":0,"ocean_menu_typo_spacing_unit":"","ocean_menu_link_color":"","ocean_menu_link_color_hover":"","ocean_menu_link_color_active":"","ocean_menu_link_background":"","ocean_menu_link_hover_background":"","ocean_menu_link_active_background":"","ocean_menu_social_links_bg":"","ocean_menu_social_hover_links_bg":"","ocean_menu_social_links_color":"","ocean_menu_social_hover_links_color":"","ocean_disable_title":"default","ocean_disable_heading":"default","ocean_post_title":"","ocean_post_subheading":"","ocean_post_title_style":"","ocean_post_title_background_color":"","ocean_post_title_background":0,"ocean_post_title_bg_image_position":"","ocean_post_title_bg_image_attachment":"","ocean_post_title_bg_image_repeat":"","ocean_post_title_bg_image_size":"","ocean_post_title_height":0,"ocean_post_title_bg_overlay":0.5,"ocean_post_title_bg_overlay_color":"","ocean_disable_breadcrumbs":"default","ocean_breadcrumbs_color":"","ocean_breadcrumbs_separator_color":"","ocean_breadcrumbs_links_color":"","ocean_breadcrumbs_links_hover_color":"","ocean_display_footer_widgets":"default","ocean_display_footer_bottom":"default","ocean_custom_footer_template":"0","footnotes":""},"class_list":["post-735","page","type-page","status-publish","hentry","entry"],"featured_image_urls_v2":{"full":"","thumbnail":"","medium":"","medium_large":"","large":"","1536x1536":"","2048x2048":"","ocean-thumb-m":"","ocean-thumb-ml":"","ocean-thumb-l":""},"post_excerpt_stackable_v2":"<p>Der Rotmilan ist ein grosser, rostroter Greifvogel, der elegant am Himmel segelt. Er ist leicht an seinem gegabelten Schwanz zu erkennen, weswegen er im Volksmund auch Gabelweihe genannt wird. Rotmilan im Flug Es ist ein wunderbarer Anblick, wenn man an einem Fr\u00fchsommer Abend den Rotmilan seine Kreise ziehen sieht. Ein majest\u00e4tischer Greifvogel mit beachtlicher Fl\u00fcgelspannweite. Steckbrief VogelgruppeHabichtartigeL\u00e4nge56 &#8211; 73 cmSpannweite 140 &#8211; 165 cmGewicht750 &#8211; 1300gBrutortB\u00e4umeBrutdauer 30 TageJahresbruten1Gelegegr\u00f6sse2 &#8211; 3Nestlingsdauer \/ Flugf\u00e4higkeit50 &#8211; 55 TageH\u00f6chstalter EURING25 Jahre 8 MonateH\u00f6chstalter CH25 Jahre 8 Monate Verbreitung Kurzbeschreibung Der Rotmilan ist nach Bartgeier und Steinadler der drittgr\u00f6sste einheimische Greifvogel. Die V\u00f6gel k\u00f6nnen stundenlang&hellip;<\/p>\n","category_list_v2":"","author_info_v2":{"name":"Peter Treier","url":"https:\/\/www.revier67.ch\/solothurn\/author\/peter-treier\/"},"comments_num_v2":"0 comments","jetpack_sharing_enabled":true,"_links":{"self":[{"href":"https:\/\/www.revier67.ch\/solothurn\/wp-json\/wp\/v2\/pages\/735","targetHints":{"allow":["GET"]}}],"collection":[{"href":"https:\/\/www.revier67.ch\/solothurn\/wp-json\/wp\/v2\/pages"}],"about":[{"href":"https:\/\/www.revier67.ch\/solothurn\/wp-json\/wp\/v2\/types\/page"}],"author":[{"embeddable":true,"href":"https:\/\/www.revier67.ch\/solothurn\/wp-json\/wp\/v2\/users\/6"}],"replies":[{"embeddable":true,"href":"https:\/\/www.revier67.ch\/solothurn\/wp-json\/wp\/v2\/comments?post=735"}],"version-history":[{"count":5,"href":"https:\/\/www.revier67.ch\/solothurn\/wp-json\/wp\/v2\/pages\/735\/revisions"}],"predecessor-version":[{"id":744,"href":"https:\/\/www.revier67.ch\/solothurn\/wp-json\/wp\/v2\/pages\/735\/revisions\/744"}],"up":[{"embeddable":true,"href":"https:\/\/www.revier67.ch\/solothurn\/wp-json\/wp\/v2\/pages\/733"}],"wp:attachment":[{"href":"https:\/\/www.revier67.ch\/solothurn\/wp-json\/wp\/v2\/media?parent=735"}],"curies":[{"name":"wp","href":"https:\/\/api.w.org\/{rel}","templated":true}]}}