{"id":867,"date":"2021-09-07T19:33:39","date_gmt":"2021-09-07T17:33:39","guid":{"rendered":"https:\/\/www.revier67.ch\/solothurn\/?page_id=867"},"modified":"2021-09-21T16:40:32","modified_gmt":"2021-09-21T14:40:32","slug":"rehkitzrettung","status":"publish","type":"page","link":"https:\/\/www.revier67.ch\/solothurn\/jagd\/rehkitzrettung\/","title":{"rendered":"Rehkitzrettung"},"content":{"rendered":"\n<blockquote class=\"wp-block-quote is-style-default is-layout-flow wp-block-quote-is-layout-flow\"><p>Eine Herzensangelegenheit, das Retten von Rehkitzen vor dem grausamen Tod im hohen Gras &#8211; die Rehkitzrettung.<\/p><\/blockquote>\n\n\n\n<p>Im Mai und Juni werden die Rehe geboren, die Setzzeit beginnt. Die Rehgeiss sucht sich f\u00fcr das Setzen der Kitze einen sonnigen und trockenen Platz an einem Ort aus, der gen\u00fcgend Schutz bietet &#8211; was ist hier besser geeignet wie ein Feld?<\/p>\n\n\n\n<p>Diese Jahreszeit ist jedoch auch f\u00fcr unsere Bauern wichtig, wie Felder stehen hoch und das Gras &#8211; das Futter f\u00fcr die Tiere im Stall &#8211; muss eingefahren werden. Es ist Zeit f\u00fcr die Heuernte&#8230;<\/p>\n\n\n\n<p>Das Konfliktpotential ist somit enorm hoch. Jedes Jahr sterben gem\u00e4ss der Eidgen\u00f6ssischen Jagdstatistik mehr als 1500 Rehkitze den gr\u00e4sslichen Tod im Schneidewerk der M\u00e4hmaschine &#8211; die Dunkelziffer d\u00fcrfte erheblich h\u00f6her liegen.<\/p>\n\n\n\n<h2 class=\"wp-block-heading\">Die Pflicht<\/h2>\n\n\n\n<p>Das <a href=\"https:\/\/www.fedlex.admin.ch\/eli\/cc\/2008\/414\/de\" target=\"_blank\" rel=\"noreferrer noopener nofollow\">Tierschutzgesetz <\/a>bildet die Grundlage<\/p>\n\n\n\n<div class=\"wp-block-image\"><figure class=\"aligncenter size-full\"><img data-recalc-dims=\"1\" fetchpriority=\"high\" decoding=\"async\" width=\"890\" height=\"421\" src=\"https:\/\/i0.wp.com\/www.revier67.ch\/solothurn\/wp-content\/uploads\/2021\/09\/Gesetz.jpg?resize=890%2C421&#038;ssl=1\" alt=\"\" class=\"wp-image-870\" srcset=\"https:\/\/i0.wp.com\/www.revier67.ch\/solothurn\/wp-content\/uploads\/2021\/09\/Gesetz.jpg?w=890&amp;ssl=1 890w, https:\/\/i0.wp.com\/www.revier67.ch\/solothurn\/wp-content\/uploads\/2021\/09\/Gesetz.jpg?resize=300%2C142&amp;ssl=1 300w, https:\/\/i0.wp.com\/www.revier67.ch\/solothurn\/wp-content\/uploads\/2021\/09\/Gesetz.jpg?resize=768%2C363&amp;ssl=1 768w\" sizes=\"(max-width: 890px) 100vw, 890px\" \/><figcaption>5. Kapitel: Strafbestimmungen, Art.&nbsp;26 Tierqu\u00e4lerei<\/figcaption><\/figure><\/div>\n\n\n\n<p>Somit ist im Grunde jeder Bauer verpflichtet, das Feld das er in der Setzzeit m\u00e4ht abzusuchen.<\/p>\n\n\n\n<div class=\"wp-block-image\"><figure class=\"aligncenter size-full\"><img data-recalc-dims=\"1\" decoding=\"async\" width=\"891\" height=\"320\" src=\"https:\/\/i0.wp.com\/www.revier67.ch\/solothurn\/wp-content\/uploads\/2021\/09\/Rehkitzerttung-titel.jpg?resize=891%2C320&#038;ssl=1\" alt=\"Rehkitzrettung\" class=\"wp-image-978\" srcset=\"https:\/\/i0.wp.com\/www.revier67.ch\/solothurn\/wp-content\/uploads\/2021\/09\/Rehkitzerttung-titel.jpg?w=891&amp;ssl=1 891w, https:\/\/i0.wp.com\/www.revier67.ch\/solothurn\/wp-content\/uploads\/2021\/09\/Rehkitzerttung-titel.jpg?resize=300%2C108&amp;ssl=1 300w, https:\/\/i0.wp.com\/www.revier67.ch\/solothurn\/wp-content\/uploads\/2021\/09\/Rehkitzerttung-titel.jpg?resize=768%2C276&amp;ssl=1 768w\" sizes=\"(max-width: 891px) 100vw, 891px\" \/><figcaption>Rehkitzrettung<\/figcaption><\/figure><\/div>\n\n\n\n<h2 class=\"wp-block-heading\">Das Problem<\/h2>\n\n\n\n<p>Eine <a href=\"https:\/\/www.revier67.ch\/solothurn\/die-jagd\/unser-wild\/das-reh\/\" target=\"_blank\" data-type=\"page\" data-id=\"427\" rel=\"noreferrer noopener\">Rehgeiss <\/a>sucht sich den Platz an dem sie ihr Junges zur Welt bringt nicht umsonst so aus das er nicht sofort gefunden wird. Fressfeinden soll das Auffinden der Jungen m\u00f6glichst schwer gemacht werden.<\/p>\n\n\n\n<p>Wenn nun einer denkt man k\u00f6nne mal eben so durch das Feld streifen und die Kitze finden irrt gewaltig. Man kann einen Fussbreit an einem im Feld liegenden Kitz vorbei laufen und man wird es nicht entdecken! Die Tarnung der Kitze und ihr Verhalten &#8211; keine Bewegung bis die Gefahr vorbei ist, machen es quasi unm\u00f6glich sie von blossem Auge zu finden&#8230;<\/p>\n\n\n\n<h2 class=\"wp-block-heading\">Die L\u00f6sung<\/h2>\n\n\n\n<p>Die heutige Technik macht es m\u00f6glich Kitze aus der Luft mittels W\u00e4rmebild zu lokalisieren. Das Hilfsmittel nennt sich Drohne!<\/p>\n\n\n\n<p>Der Jagdverein hat in die Beschaffung einer solchen Drohne investiert und bietet die Rehkitzrettung basierend auf dieser Technologie an. Die Erfahrungen die wir im ersten Jahr machen konnten stimmen uns optimistisch:<\/p>\n\n\n\n<blockquote class=\"wp-block-quote has-text-align-center is-style-large is-layout-flow wp-block-quote-is-layout-flow\"><p>Kein Verm\u00e4htes Kitz auf den von uns abgesuchten Feldern!<\/p><\/blockquote>\n\n\n\n<p>Hier nun einen Eindruck wie unsere Arbeit aussieht&#8230;<\/p>\n\n\n\n<figure class=\"wp-block-embed aligncenter is-type-video is-provider-youtube wp-block-embed-youtube wp-embed-aspect-16-9 wp-has-aspect-ratio\"><div class=\"wp-block-embed__wrapper\">\n<p class=\"responsive-video-wrap clr\"><iframe title=\"Rehkitzrettung im Revier 67\" width=\"1200\" height=\"675\" src=\"https:\/\/www.youtube.com\/embed\/JhqI4Z26AdA?feature=oembed\" frameborder=\"0\" allow=\"accelerometer; autoplay; clipboard-write; encrypted-media; gyroscope; picture-in-picture\" allowfullscreen><\/iframe><\/p>\n<\/div><\/figure>\n","protected":false},"excerpt":{"rendered":"<p>Eine Herzensangelegenheit, das Retten von Rehkitzen vor dem grausamen Tod im hohen Gras &#8211; die Rehkitzrettung. Im Mai und Juni werden die Rehe geboren, die Setzzeit beginnt. Die Rehgeiss sucht sich f\u00fcr das Setzen der Kitze einen sonnigen und trockenen Platz an einem Ort aus, der gen\u00fcgend Schutz bietet &#8211; was ist hier besser geeignet [&hellip;]<\/p>\n","protected":false},"author":6,"featured_media":0,"parent":29,"menu_order":0,"comment_status":"closed","ping_status":"closed","template":"","meta":{"ocean_post_layout":"","ocean_both_sidebars_style":"","ocean_both_sidebars_content_width":0,"ocean_both_sidebars_sidebars_width":0,"ocean_sidebar":"0","ocean_second_sidebar":"0","ocean_disable_margins":"enable","ocean_add_body_class":"","ocean_shortcode_before_top_bar":"","ocean_shortcode_after_top_bar":"","ocean_shortcode_before_header":"","ocean_shortcode_after_header":"","ocean_has_shortcode":"","ocean_shortcode_after_title":"","ocean_shortcode_before_footer_widgets":"","ocean_shortcode_after_footer_widgets":"","ocean_shortcode_before_footer_bottom":"","ocean_shortcode_after_footer_bottom":"","ocean_display_top_bar":"default","ocean_display_header":"default","ocean_header_style":"","ocean_center_header_left_menu":"0","ocean_custom_header_template":"0","ocean_custom_logo":0,"ocean_custom_retina_logo":0,"ocean_custom_logo_max_width":0,"ocean_custom_logo_tablet_max_width":0,"ocean_custom_logo_mobile_max_width":0,"ocean_custom_logo_max_height":0,"ocean_custom_logo_tablet_max_height":0,"ocean_custom_logo_mobile_max_height":0,"ocean_header_custom_menu":"0","ocean_menu_typo_font_family":"0","ocean_menu_typo_font_subset":"","ocean_menu_typo_font_size":0,"ocean_menu_typo_font_size_tablet":0,"ocean_menu_typo_font_size_mobile":0,"ocean_menu_typo_font_size_unit":"px","ocean_menu_typo_font_weight":"","ocean_menu_typo_font_weight_tablet":"","ocean_menu_typo_font_weight_mobile":"","ocean_menu_typo_transform":"","ocean_menu_typo_transform_tablet":"","ocean_menu_typo_transform_mobile":"","ocean_menu_typo_line_height":0,"ocean_menu_typo_line_height_tablet":0,"ocean_menu_typo_line_height_mobile":0,"ocean_menu_typo_line_height_unit":"","ocean_menu_typo_spacing":0,"ocean_menu_typo_spacing_tablet":0,"ocean_menu_typo_spacing_mobile":0,"ocean_menu_typo_spacing_unit":"","ocean_menu_link_color":"","ocean_menu_link_color_hover":"","ocean_menu_link_color_active":"","ocean_menu_link_background":"","ocean_menu_link_hover_background":"","ocean_menu_link_active_background":"","ocean_menu_social_links_bg":"","ocean_menu_social_hover_links_bg":"","ocean_menu_social_links_color":"","ocean_menu_social_hover_links_color":"","ocean_disable_title":"default","ocean_disable_heading":"default","ocean_post_title":"","ocean_post_subheading":"","ocean_post_title_style":"","ocean_post_title_background_color":"","ocean_post_title_background":0,"ocean_post_title_bg_image_position":"","ocean_post_title_bg_image_attachment":"","ocean_post_title_bg_image_repeat":"","ocean_post_title_bg_image_size":"","ocean_post_title_height":0,"ocean_post_title_bg_overlay":0.5,"ocean_post_title_bg_overlay_color":"","ocean_disable_breadcrumbs":"default","ocean_breadcrumbs_color":"","ocean_breadcrumbs_separator_color":"","ocean_breadcrumbs_links_color":"","ocean_breadcrumbs_links_hover_color":"","ocean_display_footer_widgets":"default","ocean_display_footer_bottom":"default","ocean_custom_footer_template":"0","footnotes":""},"class_list":["post-867","page","type-page","status-publish","hentry","entry"],"featured_image_urls_v2":{"full":"","thumbnail":"","medium":"","medium_large":"","large":"","1536x1536":"","2048x2048":"","ocean-thumb-m":"","ocean-thumb-ml":"","ocean-thumb-l":""},"post_excerpt_stackable_v2":"<p>Eine Herzensangelegenheit, das Retten von Rehkitzen vor dem grausamen Tod im hohen Gras &#8211; die Rehkitzrettung. Im Mai und Juni werden die Rehe geboren, die Setzzeit beginnt. Die Rehgeiss sucht sich f\u00fcr das Setzen der Kitze einen sonnigen und trockenen Platz an einem Ort aus, der gen\u00fcgend Schutz bietet &#8211; was ist hier besser geeignet wie ein Feld? Diese Jahreszeit ist jedoch auch f\u00fcr unsere Bauern wichtig, wie Felder stehen hoch und das Gras &#8211; das Futter f\u00fcr die Tiere im Stall &#8211; muss eingefahren werden. Es ist Zeit f\u00fcr die Heuernte&#8230; Das Konfliktpotential ist somit enorm hoch. Jedes Jahr&hellip;<\/p>\n","category_list_v2":"","author_info_v2":{"name":"Peter Treier","url":"https:\/\/www.revier67.ch\/solothurn\/author\/peter-treier\/"},"comments_num_v2":"0 comments","jetpack_sharing_enabled":true,"_links":{"self":[{"href":"https:\/\/www.revier67.ch\/solothurn\/wp-json\/wp\/v2\/pages\/867","targetHints":{"allow":["GET"]}}],"collection":[{"href":"https:\/\/www.revier67.ch\/solothurn\/wp-json\/wp\/v2\/pages"}],"about":[{"href":"https:\/\/www.revier67.ch\/solothurn\/wp-json\/wp\/v2\/types\/page"}],"author":[{"embeddable":true,"href":"https:\/\/www.revier67.ch\/solothurn\/wp-json\/wp\/v2\/users\/6"}],"replies":[{"embeddable":true,"href":"https:\/\/www.revier67.ch\/solothurn\/wp-json\/wp\/v2\/comments?post=867"}],"version-history":[{"count":10,"href":"https:\/\/www.revier67.ch\/solothurn\/wp-json\/wp\/v2\/pages\/867\/revisions"}],"predecessor-version":[{"id":979,"href":"https:\/\/www.revier67.ch\/solothurn\/wp-json\/wp\/v2\/pages\/867\/revisions\/979"}],"up":[{"embeddable":true,"href":"https:\/\/www.revier67.ch\/solothurn\/wp-json\/wp\/v2\/pages\/29"}],"wp:attachment":[{"href":"https:\/\/www.revier67.ch\/solothurn\/wp-json\/wp\/v2\/media?parent=867"}],"curies":[{"name":"wp","href":"https:\/\/api.w.org\/{rel}","templated":true}]}}