{"id":883,"date":"2021-09-10T19:03:28","date_gmt":"2021-09-10T17:03:28","guid":{"rendered":"https:\/\/www.revier67.ch\/solothurn\/?page_id=883"},"modified":"2025-03-26T20:29:30","modified_gmt":"2025-03-26T18:29:30","slug":"unsere-hunde","status":"publish","type":"page","link":"https:\/\/www.revier67.ch\/solothurn\/unsere-hunde\/","title":{"rendered":"Unsere Hunde"},"content":{"rendered":"\n<blockquote class=\"wp-block-quote has-text-align-center is-style-large is-layout-flow wp-block-quote-is-layout-flow\">\n<p>Ein altes Sprichwort der J\u00e4ger lautet wie folgt:<br>&#8218;Jagd ohne Hund ist Schund&#8216;<\/p>\n<\/blockquote>\n\n\n\n<p>Die Ausbildung eines Hundes zum Jagdhund dauert in der Regel mindestens eineinhalb bis zwei Jahre. Diese Ausbildung verlangt von Hund wie auch vom Hundef\u00fchrer einiges. Es ist nebst dem zeitlichen Aufwand auch viel Wille n\u00f6tig um einen jagdtauglichen Hund zu erhalten.<\/p>\n\n\n\n<p>Die Erziehung des Hundes wird mit dem Ablegen der n\u00f6tigen Pr\u00fcfungen gekr\u00f6nt. Auf der Webseite der <a href=\"https:\/\/www.ag-jagdhunde.ch\/de\/formulare\" target=\"_blank\" rel=\"noreferrer noopener nofollow\">Arbeitsgemeinschaft f\u00fcr das Jagdhundewesen<\/a> (AGJ) kann man einen kleinen \u00dcberblick \u00fcber Pr\u00fcfungen zum Thema<\/p>\n\n\n\n<ul class=\"wp-block-list\">\n<li>Gehorsamspr\u00fcfung<\/li>\n\n\n\n<li>Schweisspr\u00fcfungen<\/li>\n\n\n\n<li>Pr\u00fcfung von St\u00f6berhunden<\/li>\n\n\n\n<li>Erdhunde zur Aus\u00fcbung der Baujagd<\/li>\n\n\n\n<li>etc.<\/li>\n<\/ul>\n\n\n\n<p>finden. Ein kurzer Blick offenbart wie anspruchsvoll dieses Thema ist.<\/p>\n\n\n\n<p><\/p>\n","protected":false},"excerpt":{"rendered":"<p>Ein altes Sprichwort der J\u00e4ger lautet wie folgt:&#8218;Jagd ohne Hund ist Schund&#8216; Die Ausbildung eines Hundes zum Jagdhund dauert in der Regel mindestens eineinhalb bis zwei Jahre. Diese Ausbildung verlangt von Hund wie auch vom Hundef\u00fchrer einiges. Es ist nebst dem zeitlichen Aufwand auch viel Wille n\u00f6tig um einen jagdtauglichen Hund zu erhalten. Die Erziehung [&hellip;]<\/p>\n","protected":false},"author":6,"featured_media":0,"parent":0,"menu_order":0,"comment_status":"closed","ping_status":"closed","template":"","meta":{"ocean_post_layout":"","ocean_both_sidebars_style":"","ocean_both_sidebars_content_width":0,"ocean_both_sidebars_sidebars_width":0,"ocean_sidebar":"0","ocean_second_sidebar":"0","ocean_disable_margins":"enable","ocean_add_body_class":"","ocean_shortcode_before_top_bar":"","ocean_shortcode_after_top_bar":"","ocean_shortcode_before_header":"","ocean_shortcode_after_header":"","ocean_has_shortcode":"","ocean_shortcode_after_title":"","ocean_shortcode_before_footer_widgets":"","ocean_shortcode_after_footer_widgets":"","ocean_shortcode_before_footer_bottom":"","ocean_shortcode_after_footer_bottom":"","ocean_display_top_bar":"default","ocean_display_header":"default","ocean_header_style":"","ocean_center_header_left_menu":"0","ocean_custom_header_template":"0","ocean_custom_logo":0,"ocean_custom_retina_logo":0,"ocean_custom_logo_max_width":0,"ocean_custom_logo_tablet_max_width":0,"ocean_custom_logo_mobile_max_width":0,"ocean_custom_logo_max_height":0,"ocean_custom_logo_tablet_max_height":0,"ocean_custom_logo_mobile_max_height":0,"ocean_header_custom_menu":"0","ocean_menu_typo_font_family":"0","ocean_menu_typo_font_subset":"","ocean_menu_typo_font_size":0,"ocean_menu_typo_font_size_tablet":0,"ocean_menu_typo_font_size_mobile":0,"ocean_menu_typo_font_size_unit":"px","ocean_menu_typo_font_weight":"","ocean_menu_typo_font_weight_tablet":"","ocean_menu_typo_font_weight_mobile":"","ocean_menu_typo_transform":"","ocean_menu_typo_transform_tablet":"","ocean_menu_typo_transform_mobile":"","ocean_menu_typo_line_height":0,"ocean_menu_typo_line_height_tablet":0,"ocean_menu_typo_line_height_mobile":0,"ocean_menu_typo_line_height_unit":"","ocean_menu_typo_spacing":0,"ocean_menu_typo_spacing_tablet":0,"ocean_menu_typo_spacing_mobile":0,"ocean_menu_typo_spacing_unit":"","ocean_menu_link_color":"","ocean_menu_link_color_hover":"","ocean_menu_link_color_active":"","ocean_menu_link_background":"","ocean_menu_link_hover_background":"","ocean_menu_link_active_background":"","ocean_menu_social_links_bg":"","ocean_menu_social_hover_links_bg":"","ocean_menu_social_links_color":"","ocean_menu_social_hover_links_color":"","ocean_disable_title":"default","ocean_disable_heading":"default","ocean_post_title":"","ocean_post_subheading":"","ocean_post_title_style":"","ocean_post_title_background_color":"","ocean_post_title_background":0,"ocean_post_title_bg_image_position":"","ocean_post_title_bg_image_attachment":"","ocean_post_title_bg_image_repeat":"","ocean_post_title_bg_image_size":"","ocean_post_title_height":0,"ocean_post_title_bg_overlay":0.5,"ocean_post_title_bg_overlay_color":"","ocean_disable_breadcrumbs":"default","ocean_breadcrumbs_color":"","ocean_breadcrumbs_separator_color":"","ocean_breadcrumbs_links_color":"","ocean_breadcrumbs_links_hover_color":"","ocean_display_footer_widgets":"default","ocean_display_footer_bottom":"default","ocean_custom_footer_template":"0","footnotes":""},"class_list":["post-883","page","type-page","status-publish","hentry","entry"],"featured_image_urls_v2":{"full":"","thumbnail":"","medium":"","medium_large":"","large":"","1536x1536":"","2048x2048":"","ocean-thumb-m":"","ocean-thumb-ml":"","ocean-thumb-l":""},"post_excerpt_stackable_v2":"<p>Ein altes Sprichwort der J\u00e4ger lautet wie folgt:&#8218;Jagd ohne Hund ist Schund&#8216; Die Ausbildung eines Hundes zum Jagdhund dauert in der Regel mindestens eineinhalb bis zwei Jahre. Diese Ausbildung verlangt von Hund wie auch vom Hundef\u00fchrer einiges. Es ist nebst dem zeitlichen Aufwand auch viel Wille n\u00f6tig um einen jagdtauglichen Hund zu erhalten. Die Erziehung des Hundes wird mit dem Ablegen der n\u00f6tigen Pr\u00fcfungen gekr\u00f6nt. Auf der Webseite der Arbeitsgemeinschaft f\u00fcr das Jagdhundewesen (AGJ) kann man einen kleinen \u00dcberblick \u00fcber Pr\u00fcfungen zum Thema Gehorsamspr\u00fcfung Schweisspr\u00fcfungen Pr\u00fcfung von St\u00f6berhunden Erdhunde zur Aus\u00fcbung der Baujagd etc. finden. Ein kurzer Blick offenbart wie&hellip;<\/p>\n","category_list_v2":"","author_info_v2":{"name":"Peter Treier","url":"https:\/\/www.revier67.ch\/solothurn\/author\/peter-treier\/"},"comments_num_v2":"0 comments","jetpack_sharing_enabled":true,"_links":{"self":[{"href":"https:\/\/www.revier67.ch\/solothurn\/wp-json\/wp\/v2\/pages\/883","targetHints":{"allow":["GET"]}}],"collection":[{"href":"https:\/\/www.revier67.ch\/solothurn\/wp-json\/wp\/v2\/pages"}],"about":[{"href":"https:\/\/www.revier67.ch\/solothurn\/wp-json\/wp\/v2\/types\/page"}],"author":[{"embeddable":true,"href":"https:\/\/www.revier67.ch\/solothurn\/wp-json\/wp\/v2\/users\/6"}],"replies":[{"embeddable":true,"href":"https:\/\/www.revier67.ch\/solothurn\/wp-json\/wp\/v2\/comments?post=883"}],"version-history":[{"count":19,"href":"https:\/\/www.revier67.ch\/solothurn\/wp-json\/wp\/v2\/pages\/883\/revisions"}],"predecessor-version":[{"id":3402,"href":"https:\/\/www.revier67.ch\/solothurn\/wp-json\/wp\/v2\/pages\/883\/revisions\/3402"}],"wp:attachment":[{"href":"https:\/\/www.revier67.ch\/solothurn\/wp-json\/wp\/v2\/media?parent=883"}],"curies":[{"name":"wp","href":"https:\/\/api.w.org\/{rel}","templated":true}]}}