{"id":89,"date":"2019-09-01T12:06:41","date_gmt":"2019-09-01T12:06:41","guid":{"rendered":"https:\/\/www.revier67.ch\/solothurn\/?page_id=89"},"modified":"2021-09-01T08:45:42","modified_gmt":"2021-09-01T06:45:42","slug":"jagd-hege","status":"publish","type":"page","link":"https:\/\/www.revier67.ch\/solothurn\/die-jagd\/jagd-hege\/","title":{"rendered":"Jagd &#038; Hege"},"content":{"rendered":"\t\t<div data-elementor-type=\"wp-page\" data-elementor-id=\"89\" class=\"elementor elementor-89\" data-elementor-post-type=\"page\">\n\t\t\t\t\t\t<section class=\"elementor-section elementor-top-section elementor-element elementor-element-2864204 elementor-section-boxed elementor-section-height-default elementor-section-height-default\" data-id=\"2864204\" data-element_type=\"section\" data-e-type=\"section\">\n\t\t\t\t\t\t<div class=\"elementor-container elementor-column-gap-default\">\n\t\t\t\t\t<div class=\"elementor-column elementor-col-100 elementor-top-column elementor-element elementor-element-1b970ad\" data-id=\"1b970ad\" data-element_type=\"column\" data-e-type=\"column\">\n\t\t\t<div class=\"elementor-widget-wrap elementor-element-populated\">\n\t\t\t\t\t\t<div class=\"elementor-element elementor-element-8651fef elementor-widget elementor-widget-html\" data-id=\"8651fef\" data-element_type=\"widget\" data-e-type=\"widget\" data-widget_type=\"html.default\">\n\t\t\t\t<div class=\"elementor-widget-container\">\n\t\t\t\t\t\n<p>Heutzutage ist es schwierig geworden, den&nbsp;vielen der Natur entr\u00fcckten Personen der Sinn der Jagd zu erkl\u00e4ren. Urbane Fun Sportler oder Freizeitnutzer wollen den nat\u00fcrlichen Raum f\u00fcr Ihren Spass benutzen, haben aber wenig Verst\u00e4ndnis f\u00fcr Einschr\u00e4nkungen zugunsten der wild lebenden Tieren. Hundehalter fokussieren&nbsp; oftmals die Tierliebe nur auf ihren Liebling und viele begreifen den Sinn der Leinenpflicht nicht. Als J\u00e4ger steht man da automatisch in einem Spannungsfeld.<\/p>\n\n\n\n<p>Wie kann man in wenigen Worten erkl\u00e4ren, warum wir Tiere t\u00f6ten und zugleich von den Besuchern im nat\u00fcrlichen Raum, R\u00fccksicht gegen\u00fcber der Flora und Fauna erwarten. <\/p>\n\n\n\n<div class=\"wp-block-image\"><figure class=\"aligncenter size-large\"><img data-recalc-dims=\"1\" fetchpriority=\"high\" decoding=\"async\" width=\"1024\" height=\"683\" src=\"https:\/\/i0.wp.com\/www.revier67.ch\/solothurn\/wp-content\/uploads\/2021\/08\/Im-Kalten-Born-1-1200x800-1.jpg?resize=1024%2C683&#038;ssl=1\" alt=\"\" class=\"wp-image-753\" srcset=\"https:\/\/i0.wp.com\/www.revier67.ch\/solothurn\/wp-content\/uploads\/2021\/08\/Im-Kalten-Born-1-1200x800-1.jpg?resize=1024%2C683&amp;ssl=1 1024w, https:\/\/i0.wp.com\/www.revier67.ch\/solothurn\/wp-content\/uploads\/2021\/08\/Im-Kalten-Born-1-1200x800-1.jpg?resize=300%2C200&amp;ssl=1 300w, https:\/\/i0.wp.com\/www.revier67.ch\/solothurn\/wp-content\/uploads\/2021\/08\/Im-Kalten-Born-1-1200x800-1.jpg?resize=768%2C512&amp;ssl=1 768w, https:\/\/i0.wp.com\/www.revier67.ch\/solothurn\/wp-content\/uploads\/2021\/08\/Im-Kalten-Born-1-1200x800-1.jpg?w=1200&amp;ssl=1 1200w\" sizes=\"(max-width: 1024px) 100vw, 1024px\" \/><figcaption>Das Biotop in dem wir uns bewegen - der Wald.<\/figcaption><\/figure><\/div>\n\n\n\n<p>Man kann sich auf den Standpunkt stellen, wir lassen die Natur machen und dabei spielt es keine Rolle, ob Tiere durch St\u00f6rungen den Ersch\u00f6pfungstod erleiden oder durch Hunde zu Tode gehetzt werden. Es w\u00fcrde auch keine Rolle spielen, wenn die Natur in Selbstregulation durch Seuchenz\u00fcge eine \u00dcberpopulation dezimiert. <\/p>\n\n\n\n<p>Die Auswirkungen auf unser Leben w\u00e4ren aber gravierend. Denn die Natur hat den Platz gar nicht mehr um in Selbstregulation zu funktionieren. <br>Wir bewirtschaften die Felder und W\u00e4lder und brauchen immer mehr Land f\u00fcr unsere Infrastruktur und Wohnraum. <br>Unber\u00fchrte Natur gibt es hier fast keine mehr. Daher w\u00e4re es ein Problem, w\u00fcrden Seuchen im gr\u00f6sseren Ausmass ausbrechen. Besonders wenn auch Haustiere oder Nutztiere davon betroffen w\u00e4ren. <\/p>\n\n\n\n<p>In wissenschaftlichen Untersuchungen wurde dargelegt, dass die verantwortungsvolle Jagd, welche den Zuwachs absch\u00f6pft, f\u00fcr den Rest der \u00fcberlebenden Population sogar von Vorteil ist. Ein Wildbestand der zu Beginn des Winters an die reduzierten Futterm\u00f6glichkeiten angepasst ist, \u00fcberlebt den Winter mit weniger Verlusten, als wenn durch \u00fcberh\u00f6hten Wildbestand das Futterangebot selbst f\u00fcr die st\u00e4rkeren Tiere zu wenig wird.&nbsp;<\/p>\n\n\n\n<h2 class=\"wp-block-heading\"><strong>Was ist das Ziel der Jagd und Hege<\/strong><\/h2>\n\n\n\n<p>Ganz einfach einen gesunden Wildbestand erhalten.&nbsp;<\/p>\n\n\n\n<div class=\"wp-block-image\"><figure class=\"aligncenter size-full\"><img data-recalc-dims=\"1\" decoding=\"async\" width=\"653\" height=\"367\" src=\"https:\/\/i0.wp.com\/www.revier67.ch\/solothurn\/wp-content\/uploads\/2021\/08\/92a3cb88-6aff-4b27-a914-b7886f203578.webp?resize=653%2C367&#038;ssl=1\" alt=\"\" class=\"wp-image-754\" srcset=\"https:\/\/i0.wp.com\/www.revier67.ch\/solothurn\/wp-content\/uploads\/2021\/08\/92a3cb88-6aff-4b27-a914-b7886f203578.webp?w=653&amp;ssl=1 653w, https:\/\/i0.wp.com\/www.revier67.ch\/solothurn\/wp-content\/uploads\/2021\/08\/92a3cb88-6aff-4b27-a914-b7886f203578.webp?resize=300%2C169&amp;ssl=1 300w\" sizes=\"(max-width: 653px) 100vw, 653px\" \/><figcaption>Eine Rehgeiss auf der Flucht<\/figcaption><\/figure><\/div>\n\n\n\n<p>Zu hohe Best\u00e4nde reduzieren mit dem guten Effekt nat\u00fcrliche Ressourcen (Wildfleisch) zu nutzen und vermeiden, dass m\u00f6glichst wenige Tiere krankheitshalber aus dem Biotop entfernt werden m\u00fcssen. <\/p>\n\n\n\n<p>Mit der Pacht des Reviers haben&nbsp;wir die gesetzliche Grundlage dazu und sind auch verpflichtet f\u00fcr die Fall- oder Unfall-Wild Entsorgung verantwortlich zu sein. Vorkehrungen zur Reduktion von Wildschaden sind zu treffen. Ebenso haben die Jagdgesellschaften den Einsatz der Wildh\u00fcter zu organisieren etc.<\/p>\n\n\n\n<h2 class=\"wp-block-heading\">Was sind die Probleme der J\u00e4ger resp.&nbsp;der Jagdgesellschaft?<\/h2>\n\n\n\n<p>Wir pachten zwar ein Revier, zahlen auch daf\u00fcr, werden&nbsp;aber zus\u00e4tzlich f\u00fcr Wildschaden zur Kasse gebeten. Da wir nicht Grundeigent\u00fcmer sind, haben wir&nbsp;f\u00fcr eine positive Biotopsentwicklung relativ wenig Handlungsspielraum. <\/p>\n\n\n\n<p>Das ist aber die Krux an der Sache, wenn das Biotop nicht stimmt, k\u00f6nnen sich viele Arten nicht weiter entwickeln oder sterben sogar aus.<\/p>\n\n\n\n<p>Es ist einfach \u00fcber eine bestimmte Sache eine Meinung zu haben. Es ist aber um ein vielfaches schwieriger die Zusammenh\u00e4nge davon heraus zu finden. Wir versuchen Ihnen mit diesem Internetauftritt wenigstens ein paar kleine Hinweise \u00fcber die Zusammenh\u00e4nge zu geben.<\/p>\n\t\t\t\t<\/div>\n\t\t\t\t<\/div>\n\t\t\t\t\t<\/div>\n\t\t<\/div>\n\t\t\t\t\t<\/div>\n\t\t<\/section>\n\t\t\t\t<\/div>\n\t\t","protected":false},"excerpt":{"rendered":"<p>Heutzutage ist es schwierig geworden, den&nbsp;vielen der Natur entr\u00fcckten Personen der Sinn der Jagd zu erkl\u00e4ren. Urbane Fun Sportler oder Freizeitnutzer wollen den nat\u00fcrlichen Raum f\u00fcr Ihren Spass benutzen, haben aber wenig Verst\u00e4ndnis f\u00fcr Einschr\u00e4nkungen zugunsten der wild lebenden Tieren. Hundehalter fokussieren&nbsp; oftmals die Tierliebe nur auf ihren Liebling und viele begreifen den Sinn der [&hellip;]<\/p>\n","protected":false},"author":1,"featured_media":0,"parent":765,"menu_order":2,"comment_status":"closed","ping_status":"closed","template":"","meta":{"ocean_post_layout":"full-screen","ocean_both_sidebars_style":"","ocean_both_sidebars_content_width":0,"ocean_both_sidebars_sidebars_width":0,"ocean_sidebar":"0","ocean_second_sidebar":"0","ocean_disable_margins":"enable","ocean_add_body_class":"","ocean_shortcode_before_top_bar":"","ocean_shortcode_after_top_bar":"","ocean_shortcode_before_header":"","ocean_shortcode_after_header":"","ocean_has_shortcode":"","ocean_shortcode_after_title":"","ocean_shortcode_before_footer_widgets":"","ocean_shortcode_after_footer_widgets":"","ocean_shortcode_before_footer_bottom":"","ocean_shortcode_after_footer_bottom":"","ocean_display_top_bar":"default","ocean_display_header":"default","ocean_header_style":"","ocean_center_header_left_menu":"0","ocean_custom_header_template":"0","ocean_custom_logo":0,"ocean_custom_retina_logo":0,"ocean_custom_logo_max_width":0,"ocean_custom_logo_tablet_max_width":0,"ocean_custom_logo_mobile_max_width":0,"ocean_custom_logo_max_height":0,"ocean_custom_logo_tablet_max_height":0,"ocean_custom_logo_mobile_max_height":0,"ocean_header_custom_menu":"0","ocean_menu_typo_font_family":"0","ocean_menu_typo_font_subset":"","ocean_menu_typo_font_size":0,"ocean_menu_typo_font_size_tablet":0,"ocean_menu_typo_font_size_mobile":0,"ocean_menu_typo_font_size_unit":"px","ocean_menu_typo_font_weight":"","ocean_menu_typo_font_weight_tablet":"","ocean_menu_typo_font_weight_mobile":"","ocean_menu_typo_transform":"","ocean_menu_typo_transform_tablet":"","ocean_menu_typo_transform_mobile":"","ocean_menu_typo_line_height":0,"ocean_menu_typo_line_height_tablet":0,"ocean_menu_typo_line_height_mobile":0,"ocean_menu_typo_line_height_unit":"","ocean_menu_typo_spacing":0,"ocean_menu_typo_spacing_tablet":0,"ocean_menu_typo_spacing_mobile":0,"ocean_menu_typo_spacing_unit":"","ocean_menu_link_color":"","ocean_menu_link_color_hover":"","ocean_menu_link_color_active":"","ocean_menu_link_background":"","ocean_menu_link_hover_background":"","ocean_menu_link_active_background":"","ocean_menu_social_links_bg":"","ocean_menu_social_hover_links_bg":"","ocean_menu_social_links_color":"","ocean_menu_social_hover_links_color":"","ocean_disable_title":"default","ocean_disable_heading":"default","ocean_post_title":"","ocean_post_subheading":"","ocean_post_title_style":"","ocean_post_title_background_color":"","ocean_post_title_background":0,"ocean_post_title_bg_image_position":"","ocean_post_title_bg_image_attachment":"","ocean_post_title_bg_image_repeat":"","ocean_post_title_bg_image_size":"","ocean_post_title_height":0,"ocean_post_title_bg_overlay":0.5,"ocean_post_title_bg_overlay_color":"","ocean_disable_breadcrumbs":"default","ocean_breadcrumbs_color":"","ocean_breadcrumbs_separator_color":"","ocean_breadcrumbs_links_color":"","ocean_breadcrumbs_links_hover_color":"","ocean_display_footer_widgets":"default","ocean_display_footer_bottom":"default","ocean_custom_footer_template":"0","footnotes":""},"class_list":["post-89","page","type-page","status-publish","hentry","entry"],"featured_image_urls_v2":{"full":"","thumbnail":"","medium":"","medium_large":"","large":"","1536x1536":"","2048x2048":"","ocean-thumb-m":"","ocean-thumb-ml":"","ocean-thumb-l":""},"post_excerpt_stackable_v2":"<p>Heutzutage ist es schwierig geworden, den&nbsp;vielen der Natur entr\u00fcckten Personen der Sinn der Jagd zu erkl\u00e4ren. Urbane Fun Sportler oder Freizeitnutzer wollen den nat\u00fcrlichen Raum f\u00fcr Ihren Spass benutzen, haben aber wenig Verst\u00e4ndnis f\u00fcr Einschr\u00e4nkungen zugunsten der wild lebenden Tieren. Hundehalter fokussieren&nbsp; oftmals die Tierliebe nur auf ihren Liebling und viele begreifen den Sinn der Leinenpflicht nicht. Als J\u00e4ger steht man da automatisch in einem Spannungsfeld. Wie kann man in wenigen Worten erkl\u00e4ren, warum wir Tiere t\u00f6ten und zugleich von den Besuchern im nat\u00fcrlichen Raum, R\u00fccksicht gegen\u00fcber der Flora und Fauna erwarten. Das Biotop in dem wir uns bewegen -&hellip;<\/p>\n","category_list_v2":"","author_info_v2":{"name":"Gernot Seitz","url":"https:\/\/www.revier67.ch\/solothurn\/author\/gernot_wn7gg262\/"},"comments_num_v2":"0 comments","jetpack_sharing_enabled":true,"_links":{"self":[{"href":"https:\/\/www.revier67.ch\/solothurn\/wp-json\/wp\/v2\/pages\/89","targetHints":{"allow":["GET"]}}],"collection":[{"href":"https:\/\/www.revier67.ch\/solothurn\/wp-json\/wp\/v2\/pages"}],"about":[{"href":"https:\/\/www.revier67.ch\/solothurn\/wp-json\/wp\/v2\/types\/page"}],"author":[{"embeddable":true,"href":"https:\/\/www.revier67.ch\/solothurn\/wp-json\/wp\/v2\/users\/1"}],"replies":[{"embeddable":true,"href":"https:\/\/www.revier67.ch\/solothurn\/wp-json\/wp\/v2\/comments?post=89"}],"version-history":[{"count":4,"href":"https:\/\/www.revier67.ch\/solothurn\/wp-json\/wp\/v2\/pages\/89\/revisions"}],"predecessor-version":[{"id":866,"href":"https:\/\/www.revier67.ch\/solothurn\/wp-json\/wp\/v2\/pages\/89\/revisions\/866"}],"up":[{"embeddable":true,"href":"https:\/\/www.revier67.ch\/solothurn\/wp-json\/wp\/v2\/pages\/765"}],"wp:attachment":[{"href":"https:\/\/www.revier67.ch\/solothurn\/wp-json\/wp\/v2\/media?parent=89"}],"curies":[{"name":"wp","href":"https:\/\/api.w.org\/{rel}","templated":true}]}}